{"id":630,"date":"2014-06-20T00:00:35","date_gmt":"2014-06-19T22:00:35","guid":{"rendered":"http:\/\/luberongite.fr\/provence\/?page_id=630"},"modified":"2020-05-16T16:56:26","modified_gmt":"2020-05-16T14:56:26","slug":"programme-des-activites-touristiques","status":"publish","type":"page","link":"https:\/\/luberongite.fr\/provence\/programme-des-activites-touristiques\/","title":{"rendered":"Programme des activit\u00e9s touristiques &#8211; Cavaillon, Gordes, Les Taillades, Opp\u00e8de, Les Beaumettes, Maubec, Robion, M\u00e9rindol, Cheval-Blanc, Lagnes"},"content":{"rendered":"<p>Documents r\u00e9alis\u00e9s par l&rsquo;office de tourisme\u00a0Luberon Monts de Vaucluse<\/p>\n<div class=\"su-document su-u-responsive-media-yes\"><iframe loading=\"lazy\" src=\"\/\/docs.google.com\/viewer?embedded=true&url=http:\/\/luberongite.fr\/provence\/wp-content\/uploads\/2017\/06\/festivites_animations_-_juin_2017_30_05_1.pdf\" width=\"200\" height=\"380\" class=\"su-document\" title=\"\"><\/iframe><\/div>\n<div style=\"text-align: center;\"><\/div>\n","protected":false},"excerpt":{"rendered":"<p>Documents r\u00e9alis\u00e9s par l&rsquo;office de tourisme\u00a0Luberon Monts de Vaucluse<\/p>\n","protected":false},"author":1,"featured_media":0,"parent":0,"menu_order":0,"comment_status":"closed","ping_status":"open","template":"","meta":{"jetpack_post_was_ever_published":false,"footnotes":""},"class_list":["post-630","page","type-page","status-publish","hentry","column","threecol"],"jetpack_sharing_enabled":false,"jetpack_shortlink":"https:\/\/wp.me\/P4ubkp-aa","jetpack_likes_enabled":true,"_links":{"self":[{"href":"https:\/\/luberongite.fr\/provence\/wp-json\/wp\/v2\/pages\/630","targetHints":{"allow":["GET"]}}],"collection":[{"href":"https:\/\/luberongite.fr\/provence\/wp-json\/wp\/v2\/pages"}],"about":[{"href":"https:\/\/luberongite.fr\/provence\/wp-json\/wp\/v2\/types\/page"}],"author":[{"embeddable":true,"href":"https:\/\/luberongite.fr\/provence\/wp-json\/wp\/v2\/users\/1"}],"replies":[{"embeddable":true,"href":"https:\/\/luberongite.fr\/provence\/wp-json\/wp\/v2\/comments?post=630"}],"version-history":[{"count":2,"href":"https:\/\/luberongite.fr\/provence\/wp-json\/wp\/v2\/pages\/630\/revisions"}],"predecessor-version":[{"id":3104,"href":"https:\/\/luberongite.fr\/provence\/wp-json\/wp\/v2\/pages\/630\/revisions\/3104"}],"wp:attachment":[{"href":"https:\/\/luberongite.fr\/provence\/wp-json\/wp\/v2\/media?parent=630"}],"curies":[{"name":"wp","href":"https:\/\/api.w.org\/{rel}","templated":true}]}}