{"id":520,"date":"2014-06-18T16:34:10","date_gmt":"2014-06-18T14:34:10","guid":{"rendered":"http:\/\/luberongite.fr\/provence\/?page_id=520"},"modified":"2016-02-06T12:59:48","modified_gmt":"2016-02-06T11:59:48","slug":"activites-aquatiques-dans-le-vaucluse","status":"publish","type":"page","link":"https:\/\/luberongite.fr\/provence\/activites-aquatiques-dans-le-vaucluse\/","title":{"rendered":"Activit\u00e9s aquatiques dans le Vaucluse et ses environs"},"content":{"rendered":"<div id=\"pl-520\"  class=\"panel-layout\" ><div id=\"pg-520-0\"  class=\"panel-grid panel-no-style\" ><div id=\"pgc-520-0-0\"  class=\"panel-grid-cell\" ><div id=\"panel-520-0-0-0\" class=\"so-panel widget widget_sow-editor panel-first-child panel-last-child\" data-index=\"0\" ><div\n\t\t\t\n\t\t\tclass=\"so-widget-sow-editor so-widget-sow-editor-base\"\n\t\t\t\n\t\t>\n<div class=\"siteorigin-widget-tinymce textwidget\">\n\t<p><iframe loading=\"lazy\" src=\"https:\/\/www.google.com\/maps\/d\/u\/0\/embed?mid=zyChMYQwT3S0.kAlHjFdNVslc\" width=\"100%\" height=\"480\"><\/iframe><\/p>\n<\/div>\n<\/div><\/div><\/div><\/div><div id=\"pg-520-1\"  class=\"panel-grid panel-no-style\" ><div id=\"pgc-520-1-0\"  class=\"panel-grid-cell\" ><div id=\"panel-520-1-0-0\" class=\"so-panel widget widget_sow-editor panel-first-child panel-last-child\" data-index=\"1\" ><div\n\t\t\t\n\t\t\tclass=\"so-widget-sow-editor so-widget-sow-editor-base\"\n\t\t\t\n\t\t>\n<div class=\"siteorigin-widget-tinymce textwidget\">\n\t<p><span style=\"color: #ff6600;\">[ Distances approximatives depuis nos locations de vacances ]<\/span><\/p>\n<h4><span style=\"text-decoration: underline; color: #3366ff;\">Les rivi\u00e8res:<\/span><\/h4>\n<p style=\"text-align: justify;\"><strong>La Sorgue<\/strong> :\u00a0Superbes balades en cano\u00eb kayak entre Fontaine De Vaucluse et l' Isle Sur Sorgue.<br \/>Fontaine de Vaucluse: P\u00eache \u00e0 la truite dans\u00a0bassin priv\u00e9.<br \/>Isle sur la Sorgue: Aire de pique nique au \"Partage des eaux\" - <span style=\"color: #ff6600;\">13 km<\/span><\/p>\n<p style=\"text-align: justify;\"><strong>Le Rh\u00f4ne en Avignon<\/strong> :\u00a0Balades en cano\u00eb sous le Pont d'Avignon, d\u00e9parts et location de mat\u00e9riel depuis l\u2019\u00eele de la Barthelasse. - <span style=\"color: #ff6600;\">25 km<\/span><\/p>\n<\/div>\n<\/div><\/div><\/div><div id=\"pgc-520-1-1\"  class=\"panel-grid-cell\" ><div id=\"panel-520-1-1-0\" class=\"so-panel widget widget_sow-editor panel-first-child panel-last-child\" data-index=\"2\" ><div\n\t\t\t\n\t\t\tclass=\"so-widget-sow-editor so-widget-sow-editor-base\"\n\t\t\t\n\t\t>\n<div class=\"siteorigin-widget-tinymce textwidget\">\n\t<p><img loading=\"lazy\" decoding=\"async\" class=\"aligncenter wp-image-525 size-full\" src=\"http:\/\/luberongite.com\/provence\/wp-content\/uploads\/2014\/06\/isle.jpg\" alt=\"\" width=\"438\" height=\"247\" srcset=\"https:\/\/luberongite.fr\/provence\/wp-content\/uploads\/2014\/06\/isle.jpg 438w, https:\/\/luberongite.fr\/provence\/wp-content\/uploads\/2014\/06\/isle-300x169.jpg 300w\" sizes=\"auto, (max-width: 438px) 100vw, 438px\" \/><\/p>\n<\/div>\n<\/div><\/div><\/div><\/div><div id=\"pg-520-2\"  class=\"panel-grid panel-no-style\" ><div id=\"pgc-520-2-0\"  class=\"panel-grid-cell\" ><div id=\"panel-520-2-0-0\" class=\"so-panel widget widget_sow-editor panel-first-child panel-last-child\" data-index=\"3\" ><div\n\t\t\t\n\t\t\tclass=\"so-widget-sow-editor so-widget-sow-editor-base\"\n\t\t\t\n\t\t>\n<div class=\"siteorigin-widget-tinymce textwidget\">\n\t<h4 style=\"text-align: justify;\"><span style=\"text-decoration: underline; color: #3366ff;\">Les plans d'eau \/ Lacs naturels ou artificiels<\/span><\/h4>\n<p style=\"text-align: justify;\"><strong>Lac des Vign\u00e8res \u00e0 Cavaillon<\/strong> : balade autour du lac, p\u00eache avec permis \u2013 <span style=\"color: #ff6600;\">8 km<\/span><\/p>\n<p style=\"text-align: justify;\"><strong>Plan d'eau \u00e0 Cheval-Blanc<\/strong> : promenade, p\u00eache avec permis \u2013 <span style=\"color: #ff6600;\">4 km<\/span><\/p>\n<p style=\"text-align: justify;\"><strong>Lac du Peirou \u00e0 Saint Remy De Provence:\u00a0<\/strong>promenade autour du lac, p\u00eache avec permis en vente \u00e0 l'office de tourisme \u2013 <span style=\"color: #ff6600;\">15 km<\/span><\/p>\n<p style=\"text-align: justify;\"><strong>Lac\u00a0de Peyrolles:<\/strong> parcours d\u00e9couverte autour du lac, baignade surveill\u00e9e, buvette Snack, boulodrome, jeux. Entr\u00e9e payante 3\u20ac la journ\u00e9e, demi journ\u00e9e 1.50\u20ac - <span style=\"color: #ff6600;\">58 km<\/span><\/p>\n<p style=\"text-align: justify;\"><strong>Etang de Mallemort<\/strong> : Petit \u00e9tang am\u00e9nag\u00e9 pour la p\u00eache \u00e0 la truite, possibilit\u00e9 de louer une canne sur place. Possibilit\u00e9 de pique-niquer, accessible aux poussettes, parking, entr\u00e9e payante \u2013 <span style=\"color: #ff6600;\">20 km<\/span><\/p>\n<p style=\"text-align: justify;\"><strong>Prato-Plage \u00e0 Pernes Les Fontaines<\/strong> : Lac priv\u00e9 avec plage, location de mat\u00e9riel aquatique pour enfants, Snack buvette, restaurant.Baignade surveill\u00e9e \u2013 <span style=\"color: #ff6600;\">23 km<\/span><\/p>\n<p style=\"text-align: justify;\"><strong>Plan d'eau de la Lionne \u00e0 Sorgues<\/strong> : Plan d'eau f\u00e9d\u00e9ral pour la p\u00eache, permis de p\u00eache \u2013 <span style=\"color: #ff6600;\">25 km<\/span><\/p>\n<p style=\"text-align: justify;\"><strong>La Roque d'Anth\u00e9ron<\/strong> : lac des Iscles avec plage, baignade autoris\u00e9e - <span style=\"color: #ff6600;\">26 km<\/span><\/p>\n<p style=\"text-align: justify;\"><strong>Plan d'eau de Courtine en Avignon<\/strong> : \u00a0Voile et planche \u00e0 voile - <span style=\"color: #ff6600;\">24 km<\/span><\/p>\n<p style=\"text-align: justify;\"><strong>Plan d'eau de Saint Chamand<\/strong> : Pratique de la voile \u2013 <span style=\"color: #ff6600;\">23 km<\/span><\/p>\n<p style=\"text-align: justify;\"><strong>Lac de Beaulieu \u00e0 Monteux<\/strong>\u00a0:\u00a0Lac de promenade, de d\u00e9tente pour toute la famille. Baignade gratuite surveill\u00e9e, fitness, aires de promenade, p\u00e9dalos, cano\u00ebs, p\u00eache, snack - <span style=\"color: #ff6600;\">25 km<\/span><\/p>\n<p><strong>Plan d'eau \u00e0 Apt<\/strong> : Promenade, p\u00eache, base nautique, voile, kayak, planche \u00e0 voile, p\u00e9dale-eau, d\u00e9riveur. Ecole de voile \u2013 <span style=\"color: #ff6600;\">32 km<\/span><\/p>\n<p style=\"text-align: justify;\"><strong>Lac du Paty \u00e0 Caromb<\/strong> : Lieux de p\u00eache sans permis\u00a0g\u00e9r\u00e9 par la Soci\u00e9t\u00e9 de p\u00eache Le\u00ef Pescadou ou Paty. Ferm\u00e9 le\u00a0vendredi. Carte de p\u00eache \u00e0 la journ\u00e9e : 10 Euros \u2013 <span style=\"color: #ff6600;\">39 km<\/span><\/p>\n<p style=\"text-align: justify;\"><strong>Plan d'eau des Salettes \u00e0 Mormoiron<\/strong> : plage de sable fin am\u00e9nag\u00e9 la baignade est autoris\u00e9e, une partie du lac est surveill\u00e9e. Snack, buvette - <span style=\"color: #ff6600;\">40 km<\/span><\/p>\n<p style=\"text-align: justify;\"><strong>Plan d'eau de Cadenet<\/strong> : Etang du Camping Val de Durance, plage, juillet et ao\u00fbt, l'acc\u00e8s au plan d'eau est ouvert aux personnes ext\u00e9rieures au camping, moyennant un droit d'entr\u00e9e - <span style=\"color: #ff6600;\">40 km<\/span><\/p>\n<p style=\"text-align: justify;\"><strong>Etang de la Bonde \u00e0 La Motte d'Aigues<\/strong>: Lac avec plage, baignade autoris\u00e9e, restaurant et buvette au bord du lac. Parking gratuit -\u00a0<span style=\"color: #ff6600;\">49 km<\/span><\/p>\n<p style=\"text-align: justify;\"><strong>Lac Zola \u00e0 Aix En Provence:<\/strong>\u00a0Randonn\u00e9e autour du lac, la p\u00eache est autoris\u00e9e avec un permis, baignade interdite -\u00a0<span style=\"color: #ff6600;\">58 km<\/span><\/p>\n<h4 style=\"text-align: justify;\"><span style=\"text-decoration: underline; color: #3366ff;\">Parc \u00e0 th\u00e8me aquatique<\/span><\/h4>\n<p><strong>SplashWorld \u00e0 Monteux<\/strong> :\u00a015 attractions aquatiques sur 4,7 hectares, entr\u00e9e payante - <span style=\"color: #ff6600;\">25km<\/span><\/p>\n<\/div>\n<\/div><\/div><\/div><div id=\"pgc-520-2-1\"  class=\"panel-grid-cell\" ><div id=\"panel-520-2-1-0\" class=\"so-panel widget widget_sow-editor panel-first-child panel-last-child\" data-index=\"4\" ><div\n\t\t\t\n\t\t\tclass=\"so-widget-sow-editor so-widget-sow-editor-base\"\n\t\t\t\n\t\t>\n<div class=\"siteorigin-widget-tinymce textwidget\">\n\t<p><figure id=\"attachment_543\" aria-describedby=\"caption-attachment-543\" style=\"width: 1024px\" class=\"wp-caption aligncenter\"><a href=\"http:\/\/luberongite.com\/provence\/wp-content\/uploads\/2014\/06\/Etang_de_La_Bonde.jpg\"><img loading=\"lazy\" decoding=\"async\" class=\"size-full wp-image-543\" src=\"http:\/\/luberongite.com\/provence\/wp-content\/uploads\/2014\/06\/Etang_de_La_Bonde.jpg\" alt=\"Etang de La Bonde\" width=\"1024\" height=\"447\" srcset=\"https:\/\/luberongite.fr\/provence\/wp-content\/uploads\/2014\/06\/Etang_de_La_Bonde.jpg 1024w, https:\/\/luberongite.fr\/provence\/wp-content\/uploads\/2014\/06\/Etang_de_La_Bonde-300x130.jpg 300w, https:\/\/luberongite.fr\/provence\/wp-content\/uploads\/2014\/06\/Etang_de_La_Bonde-960x419.jpg 960w\" sizes=\"auto, (max-width: 1024px) 100vw, 1024px\" \/><\/a><figcaption id=\"caption-attachment-543\" class=\"wp-caption-text\">Etang de La Bonde<\/figcaption><\/figure><figure id=\"attachment_533\" aria-describedby=\"caption-attachment-533\" style=\"width: 550px\" class=\"wp-caption aligncenter\"><a href=\"http:\/\/luberongite.com\/provence\/wp-content\/uploads\/2014\/06\/lac_peyrolles.jpg\"><img loading=\"lazy\" decoding=\"async\" class=\"size-full wp-image-533\" src=\"http:\/\/luberongite.com\/provence\/wp-content\/uploads\/2014\/06\/lac_peyrolles.jpg\" alt=\"Lac de Peyrolles\" width=\"550\" height=\"300\" srcset=\"https:\/\/luberongite.fr\/provence\/wp-content\/uploads\/2014\/06\/lac_peyrolles.jpg 550w, https:\/\/luberongite.fr\/provence\/wp-content\/uploads\/2014\/06\/lac_peyrolles-300x163.jpg 300w\" sizes=\"auto, (max-width: 550px) 100vw, 550px\" \/><\/a><figcaption id=\"caption-attachment-533\" class=\"wp-caption-text\">Lac de Peyrolles<\/figcaption><\/figure><figure id=\"attachment_564\" aria-describedby=\"caption-attachment-564\" style=\"width: 900px\" class=\"wp-caption aligncenter\"><a href=\"http:\/\/luberongite.com\/provence\/wp-content\/uploads\/2014\/06\/le-plan-d-eau-des-salettes-a-mormoiron.jpg\"><img loading=\"lazy\" decoding=\"async\" class=\"size-full wp-image-564\" src=\"http:\/\/luberongite.com\/provence\/wp-content\/uploads\/2014\/06\/le-plan-d-eau-des-salettes-a-mormoiron.jpg\" alt=\"Plan d'eau des Salettes, Mormoiron\" width=\"900\" height=\"609\" srcset=\"https:\/\/luberongite.fr\/provence\/wp-content\/uploads\/2014\/06\/le-plan-d-eau-des-salettes-a-mormoiron.jpg 900w, https:\/\/luberongite.fr\/provence\/wp-content\/uploads\/2014\/06\/le-plan-d-eau-des-salettes-a-mormoiron-300x203.jpg 300w\" sizes=\"auto, (max-width: 900px) 100vw, 900px\" \/><\/a><figcaption id=\"caption-attachment-564\" class=\"wp-caption-text\">Plan d'eau des Salettes, Mormoiron<\/figcaption><\/figure><figure id=\"attachment_563\" aria-describedby=\"caption-attachment-563\" style=\"width: 450px\" class=\"wp-caption aligncenter\"><a href=\"http:\/\/luberongite.com\/provence\/wp-content\/uploads\/2014\/06\/plan-deau-apt-Riaille.jpg\"><img loading=\"lazy\" decoding=\"async\" class=\"size-full wp-image-563\" src=\"http:\/\/luberongite.com\/provence\/wp-content\/uploads\/2014\/06\/plan-deau-apt-Riaille.jpg\" alt=\"Plan d'eau de la Riaille, Apt\" width=\"450\" height=\"299\" srcset=\"https:\/\/luberongite.fr\/provence\/wp-content\/uploads\/2014\/06\/plan-deau-apt-Riaille.jpg 450w, https:\/\/luberongite.fr\/provence\/wp-content\/uploads\/2014\/06\/plan-deau-apt-Riaille-300x199.jpg 300w\" sizes=\"auto, (max-width: 450px) 100vw, 450px\" \/><\/a><figcaption id=\"caption-attachment-563\" class=\"wp-caption-text\">Plan d'eau de la Riaille, Apt<\/figcaption><\/figure><\/p>\n<\/div>\n<\/div><\/div><\/div><\/div><div id=\"pg-520-3\"  class=\"panel-grid panel-no-style\" ><div id=\"pgc-520-3-0\"  class=\"panel-grid-cell\" ><div id=\"panel-520-3-0-0\" class=\"so-panel widget widget_sow-editor panel-first-child panel-last-child\" data-index=\"5\" ><div\n\t\t\t\n\t\t\tclass=\"so-widget-sow-editor so-widget-sow-editor-base\"\n\t\t\t\n\t\t>\n<div class=\"siteorigin-widget-tinymce textwidget\">\n\t<h4><span style=\"text-decoration: underline; color: #3366ff;\">La mer et les plages les plus proches des g\u00eetes :<\/span><\/h4>\n<p>Martigues plage de la Couronne - <span style=\"color: #ff6600;\">70 km<\/span><br \/>Saintes Maries de la Mer - <span style=\"color: #ff6600;\">80 km<\/span><br \/>Marseille - <span style=\"color: #ff6600;\">75 km<\/span><br \/>Fos Sur Mer - <span style=\"color: #ff6600;\">75 km<\/span><br \/>Port St Louis Du Rh\u00f4ne - <span style=\"color: #ff6600;\">90 km<\/span><br \/>Cassis - <span style=\"color: #ff6600;\">95 km<\/span><br \/>Salins De Giraud - <span style=\"color: #ff6600;\">105 km<\/span><\/p>\n<\/div>\n<\/div><\/div><\/div><div id=\"pgc-520-3-1\"  class=\"panel-grid-cell\" ><div id=\"panel-520-3-1-0\" class=\"so-panel widget widget_sow-editor panel-first-child panel-last-child\" data-index=\"6\" ><div\n\t\t\t\n\t\t\tclass=\"so-widget-sow-editor so-widget-sow-editor-base\"\n\t\t\t\n\t\t>\n<div class=\"siteorigin-widget-tinymce textwidget\">\n\t<figure id=\"attachment_535\" aria-describedby=\"caption-attachment-535\" style=\"width: 960px\" class=\"wp-caption aligncenter\"><a href=\"http:\/\/luberongite.com\/provence\/wp-content\/uploads\/2014\/06\/Photo-01-06-13-18-19-42.jpg\"><img loading=\"lazy\" decoding=\"async\" class=\"size-full wp-image-535\" src=\"http:\/\/luberongite.com\/provence\/wp-content\/uploads\/2014\/06\/Photo-01-06-13-18-19-42.jpg\" alt=\"Calanque de Port Pin, Cassis\" width=\"960\" height=\"720\" srcset=\"https:\/\/luberongite.fr\/provence\/wp-content\/uploads\/2014\/06\/Photo-01-06-13-18-19-42.jpg 960w, https:\/\/luberongite.fr\/provence\/wp-content\/uploads\/2014\/06\/Photo-01-06-13-18-19-42-300x225.jpg 300w\" sizes=\"auto, (max-width: 960px) 100vw, 960px\" \/><\/a><figcaption id=\"caption-attachment-535\" class=\"wp-caption-text\">Calanque de Port Pin, Cassis<\/figcaption><\/figure>\n<\/div>\n<\/div><\/div><\/div><\/div><\/div>","protected":false},"excerpt":{"rendered":"<p>[ Distances approximatives depuis nos locations de vacances ]Les rivi\u00e8res:La Sorgue :\u00a0Superbes balades en cano\u00eb kayak entre Fontaine De Vaucluse et l&rsquo; Isle Sur Sorgue.Fontaine de Vaucluse: P\u00eache \u00e0 la truite dans\u00a0bassin priv\u00e9.Isle sur la Sorgue: Aire de pique nique au \u00ab\u00a0Partage des eaux\u00a0\u00bb &#8211; 13 kmLe Rh\u00f4ne en Avignon &#8230;<\/p>\n","protected":false},"author":2,"featured_media":0,"parent":0,"menu_order":0,"comment_status":"closed","ping_status":"closed","template":"","meta":{"jetpack_post_was_ever_published":false,"footnotes":""},"class_list":["post-520","page","type-page","status-publish","hentry","column","threecol"],"jetpack_sharing_enabled":true,"jetpack_shortlink":"https:\/\/wp.me\/P4ubkp-8o","jetpack_likes_enabled":true,"_links":{"self":[{"href":"https:\/\/luberongite.fr\/provence\/wp-json\/wp\/v2\/pages\/520","targetHints":{"allow":["GET"]}}],"collection":[{"href":"https:\/\/luberongite.fr\/provence\/wp-json\/wp\/v2\/pages"}],"about":[{"href":"https:\/\/luberongite.fr\/provence\/wp-json\/wp\/v2\/types\/page"}],"author":[{"embeddable":true,"href":"https:\/\/luberongite.fr\/provence\/wp-json\/wp\/v2\/users\/2"}],"replies":[{"embeddable":true,"href":"https:\/\/luberongite.fr\/provence\/wp-json\/wp\/v2\/comments?post=520"}],"version-history":[{"count":0,"href":"https:\/\/luberongite.fr\/provence\/wp-json\/wp\/v2\/pages\/520\/revisions"}],"wp:attachment":[{"href":"https:\/\/luberongite.fr\/provence\/wp-json\/wp\/v2\/media?parent=520"}],"curies":[{"name":"wp","href":"https:\/\/api.w.org\/{rel}","templated":true}]}}