{"id":448,"date":"2014-06-18T16:12:34","date_gmt":"2014-06-18T14:12:34","guid":{"rendered":"http:\/\/luberongite.fr\/provence\/?page_id=448"},"modified":"2014-12-26T16:10:02","modified_gmt":"2014-12-26T15:10:02","slug":"marches-de-provence-luberon","status":"publish","type":"page","link":"https:\/\/luberongite.fr\/provence\/marches-de-provence-luberon\/","title":{"rendered":"March\u00e9s autour du Luberon"},"content":{"rendered":"<p style=\"text-align: center;\"><img loading=\"lazy\" decoding=\"async\" class=\"aligncenter wp-image-450 size-full\" src=\"http:\/\/luberongite.fr\/provence\/wp-content\/uploads\/2014\/06\/fruits-et-legumes.jpg\" alt=\"fruits-et-legumes\" width=\"200\" height=\"75\" \/><\/p>\n<p style=\"text-align: center;\"><strong>LUNDI<\/strong><br \/>\nCavaillon,\u00a0<em>le matin<\/em><br \/>\nGoult , <em>le matin<\/em><br \/>\nIsle \/Sorgues, <em>18h \u00e0 20h<\/em><br \/>\nCadenet , <em>le matin<\/em><br \/>\nLauris , <em>le matin<\/em><br \/>\nB\u00e9doin, <em>le matin<\/em><br \/>\nSaint Saturnin-l\u00e8s-Avignon<br \/>\nB\u00e9darrides, <em>le matin<\/em><br \/>\nVelleron March\u00e9 Paysan <em>du lun au ven 18h<\/em><br \/>\nMazan ,\u00a0<em>le matin<\/em><\/p>\n<p style=\"text-align: center;\"><strong>MARDI<\/strong><br \/>\nGordes, <em>le matin<\/em><br \/>\nFontaine de Vaucluse,<em> le matin<\/em><br \/>\nLacoste,<em> le matin<\/em><br \/>\nApt March\u00e9 paysan,<em> le matin<\/em><br \/>\nLe Thor<br \/>\nCadenet<br \/>\nCucuron,<em> le matin<\/em><br \/>\nCh\u00e2teauneuf-de-Gadagne,<em> 18 h \u00e0 20 h<\/em><br \/>\nBeaume de Venise<br \/>\nVaison La Romaine, <em>le matin<\/em><br \/>\nLa Tour d&rsquo;Aigues,<em> le matin<\/em><\/p>\n<p style=\"text-align: center;\"><strong>MERCREDI<\/strong><br \/>\nLe Thor,<em> le matin<\/em><br \/>\nVelleron<br \/>\nVelleron March\u00e9 Paysan <em>16h30<\/em><br \/>\nM\u00e9rindol ,<em>le matin<\/em><br \/>\nRustrel<br \/>\nPernes Les Fontaines March\u00e9 Paysan,<em> 18h \u00e0 20h<\/em><br \/>\nMalauc\u00e8ne,<em> le matin<\/em><br \/>\nCh\u00e2teauneuf-de-Gadagne<br \/>\nCoustellet March\u00e9 Paysan,<em> le soir (P\u00e9riode estivale)<\/em><br \/>\nViens<br \/>\nGargas<br \/>\nSault<\/p>\n<p style=\"text-align: center;\"><strong>JEUDI<br \/>\n<\/strong>M\u00e9nerbes, <em>le matin<\/em><br \/>\nRobion,<em> le matin<\/em><br \/>\nCavaillon March\u00e9 Paysan,<em> 17h \u00e0 19 h (P\u00e9riode estivale)<\/em><br \/>\nRoussillon,<em> le matin<\/em><br \/>\nCaumont sur Durance,<em> le matin<\/em><br \/>\nLes Beaumettes<br \/>\nVille Neuve-l\u00e8s-Avignon<br \/>\nIsle Sur Sorgues,<em> le matin<\/em><br \/>\nSault,<em> 18h \u00e0 20h<\/em><br \/>\nAnsouis,<em> le matin<\/em><br \/>\nOrange,<em> le matin<\/em><br \/>\nLa Tour d&rsquo;Aigues March\u00e9 Paysan,<em> le matin<\/em><br \/>\nFontaine de Vaucluse<\/p>\n<p style=\"text-align: center;\"><strong>VENDREDI<\/strong><br \/>\nBonnieux,<em> le matin<\/em><br \/>\nLagnes<br \/>\nLourmarin<br \/>\nCarpentras,<em> le matin<\/em><br \/>\nCh\u00e2teauneuf-du-Pape<br \/>\nB\u00e9darrides,<em> 18h \u00e0 20 h<\/em><\/p>\n<p style=\"text-align: center;\"><strong>SAMEDI<\/strong><br \/>\nCheval Blanc,<em> le matin<\/em><br \/>\nOpp\u00e8de,<em> le matin<\/em><br \/>\nLauris March\u00e9 Paysan,<em> apr\u00e8s-midi<\/em><br \/>\nCadenet march\u00e9 paysan, <em>le matin<\/em><br \/>\nApt,<em> le matin<\/em><br \/>\nVilleneuve-l\u00e8s-Avignon<br \/>\nMazan<br \/>\nSault<br \/>\nLe Thor<\/p>\n<p style=\"text-align: center;\"><strong>DIMANCHE<\/strong><br \/>\nCoustellet March\u00e9 Paysan,<em> le matin<\/em><br \/>\nIsle sur Sorgues ,<em>le matin<\/em><br \/>\nMaubec,<em> le matin<\/em><br \/>\nAnsouis<br \/>\nSarrian<\/p>\n","protected":false},"excerpt":{"rendered":"<p>LUNDI Cavaillon,\u00a0le matin Goult , le matin Isle \/Sorgues, 18h \u00e0 20h Cadenet , le matin Lauris , le matin B\u00e9doin, le matin Saint Saturnin-l\u00e8s-Avignon B\u00e9darrides, le matin Velleron March\u00e9 Paysan du lun au ven 18h Mazan ,\u00a0le matin MARDI Gordes, le matin Fontaine de Vaucluse, le matin Lacoste, le &#8230;<\/p>\n","protected":false},"author":1,"featured_media":0,"parent":0,"menu_order":0,"comment_status":"closed","ping_status":"open","template":"","meta":{"jetpack_post_was_ever_published":false,"footnotes":""},"class_list":["post-448","page","type-page","status-publish","hentry","column","threecol"],"jetpack_sharing_enabled":true,"jetpack_shortlink":"https:\/\/wp.me\/P4ubkp-7e","jetpack_likes_enabled":true,"_links":{"self":[{"href":"https:\/\/luberongite.fr\/provence\/wp-json\/wp\/v2\/pages\/448","targetHints":{"allow":["GET"]}}],"collection":[{"href":"https:\/\/luberongite.fr\/provence\/wp-json\/wp\/v2\/pages"}],"about":[{"href":"https:\/\/luberongite.fr\/provence\/wp-json\/wp\/v2\/types\/page"}],"author":[{"embeddable":true,"href":"https:\/\/luberongite.fr\/provence\/wp-json\/wp\/v2\/users\/1"}],"replies":[{"embeddable":true,"href":"https:\/\/luberongite.fr\/provence\/wp-json\/wp\/v2\/comments?post=448"}],"version-history":[{"count":0,"href":"https:\/\/luberongite.fr\/provence\/wp-json\/wp\/v2\/pages\/448\/revisions"}],"wp:attachment":[{"href":"https:\/\/luberongite.fr\/provence\/wp-json\/wp\/v2\/media?parent=448"}],"curies":[{"name":"wp","href":"https:\/\/api.w.org\/{rel}","templated":true}]}}