{"id":312,"date":"2014-04-07T00:42:00","date_gmt":"2014-04-06T22:42:00","guid":{"rendered":"http:\/\/luberongite.fr\/provence\/?page_id=312"},"modified":"2015-10-18T18:55:24","modified_gmt":"2015-10-18T16:55:24","slug":"le-luberon-en-velo-vtt","status":"publish","type":"page","link":"https:\/\/luberongite.fr\/provence\/le-luberon-en-velo-vtt\/","title":{"rendered":"Le Luberon en v\u00e9lo"},"content":{"rendered":"<p style=\"text-align: justify;\"><img loading=\"lazy\" decoding=\"async\" class=\"aligncenter size-full wp-image-557\" src=\"http:\/\/luberongite.fr\/provence\/wp-content\/uploads\/2014\/06\/Coquelicots.jpg\" alt=\"Coquelicots-Damien-Boschi-photographe\" width=\"960\" height=\"230\" srcset=\"https:\/\/luberongite.fr\/provence\/wp-content\/uploads\/2014\/06\/Coquelicots.jpg 960w, https:\/\/luberongite.fr\/provence\/wp-content\/uploads\/2014\/06\/Coquelicots-300x71.jpg 300w\" sizes=\"auto, (max-width: 960px) 100vw, 960px\" \/>Le Luberon vous offre la possibilit\u00e9, de faire des\u00a0balades \u00e0 v\u00e9lo de tout niveaux: sportive, familiale, en libert\u00e9 ou accompagn\u00e9e par un guide.<\/p>\n<p><strong><span style=\"text-decoration: underline;\">Nos deux logements sont tr\u00e8s bien situ\u00e9s pour parcourir le Luberon \u00e0 v\u00e9lo:<\/span><\/strong><\/p>\n<ul>\n<li style=\"text-align: justify;\"><span style=\"line-height: 1.714285714;\">Le g\u00eete <\/span><strong style=\"line-height: 1.714285714;\">les Cerisiers<\/strong><span style=\"line-height: 1.714285714;\"> aux Taillades, est situ\u00e9 \u00e0 quelques m\u00e8tres\u00a0du circuit de la colline de Pied-Caud et du canal de Carpentras. D&rsquo;ici l&rsquo;\u00e9t\u00e9 2016 la piste du <strong>V\u00e9loroute<\/strong> passera \u00e0 quelques m\u00e8tres du g\u00eete. \u00a0<\/span><\/li>\n<li style=\"text-align: justify;\">Le g\u00eete le <strong>Bon Puits<\/strong> \u00e0 Cavaillon, se situe \u00e0 800 m de l&rsquo;Arc Romain, d\u00e9part du circuit de la colline Saint Jacques.<\/li>\n<\/ul>\n<p style=\"text-align: justify;\"><span style=\"text-decoration: underline;\"><strong>La piste V\u00e9loroute du Calavon, 37 km en toute s\u00e9curit\u00e9<\/strong><\/span><\/p>\n<p style=\"text-align: justify;\">La piste cyclable du <strong>V\u00e9loroute<\/strong>\u00a0qui rejoint la voie verte du\u00a0Calavon est d\u00e9sormais accessible depuis l&rsquo;ancienne gare de<strong> Robion<\/strong> jusqu&rsquo;\u00e0 <strong>Saint Martin de Castillon<\/strong> (la partie\u00a0qui rejoindra Cavaillon est encore en travaux). \u00a0<strong>Enti\u00e8rement balis\u00e9 et s\u00e9curis\u00e9 <\/strong>vis \u00e0 vis des automobilistes<strong>,<\/strong> cet\u00a0itin\u00e9raire est id\u00e9al pour une balade en famille. Il vous\u00a0permettra de traverser toute la vall\u00e9e du Calavon et de d\u00e9couvrir de nombreux villages et sites touristiques du Luberon.<\/p>\n<p style=\"text-align: justify;\">\u00c0\u00a0terme, la V\u00e9loroute du Calavon deviendra une \u00e9tape de l&rsquo;<strong>Eurovelo 8<\/strong>, itin\u00e9raire de\u00a05 888 km qui \u00a0reliera l&rsquo;Espagne \u00e0 Chypre en passant par 11 pays, dont la France.<\/p>\n<p style=\"text-align: justify;\"><span style=\"text-decoration: underline;\"><strong>Les itin\u00e9raires autour du Luberon<\/strong><\/span><\/p>\n<p><img loading=\"lazy\" decoding=\"async\" class=\"alignleft wp-image-2030\" src=\"http:\/\/luberongite.fr\/provence\/wp-content\/uploads\/2014\/04\/damienboschi-photographe-nature-luberon-0947-1024x683.jpg\" alt=\"\" width=\"414\" height=\"276\" srcset=\"https:\/\/luberongite.fr\/provence\/wp-content\/uploads\/2014\/04\/damienboschi-photographe-nature-luberon-0947.jpg 1024w, https:\/\/luberongite.fr\/provence\/wp-content\/uploads\/2014\/04\/damienboschi-photographe-nature-luberon-0947-300x200.jpg 300w, https:\/\/luberongite.fr\/provence\/wp-content\/uploads\/2014\/04\/damienboschi-photographe-nature-luberon-0947-700x467.jpg 700w\" sizes=\"auto, (max-width: 414px) 100vw, 414px\" \/><\/p>\n<p style=\"text-align: justify;\">Vous roulerez entre plaines et cr\u00eates en passant par de nombreux champs agricoles et canaux d&rsquo;irrigations tels que ceux de Saint Julien ou de Carpentras offrant un d\u00e9cors vari\u00e9 de moulins \u00e0 roues.<\/p>\n<p style=\"text-align: justify;\">En sillonnant les\u00a0routes et villages, vous d\u00e9couvrirez en douceur toutes les ressources de ce territoire d&rsquo;exception : les ocres de Roussillon , les nombreux ch\u00e2teaux et ruelles calad\u00e9es.<\/p>\n<p style=\"text-align: justify;\">Les villages du Luberon vous accueilleront\u00a0\u00e0 chaque \u00e9tape pour une agr\u00e9able pose.<br \/>\nVous trouverez dans nos g\u00eetes toute la documentation pour choisir votre balade \u00e0 v\u00e9lo.<\/p>\n<p style=\"text-align: justify;\">Si vous d\u00e9sirez un <strong>accompagnateur,<\/strong> Monsieur <strong>Delpiano Jean Louis<\/strong>, dipl\u00f4m\u00e9 d&rsquo;\u00e9tat aux activit\u00e9s du cyclisme, vous propose diff\u00e9rents circuits dans le petit Luberon, le grand Luberon et les Monts de Vaucluse. Sur demande il est possible de s&rsquo;inscrire \u00e0 un stage (adulte ou enfant de 6 \u00e0 17 ans). Anglais et Italien parl\u00e9s.<br \/>\n<strong>Contact\/r\u00e9servation: t\u00e9l: 06 80 06 25 08 \u2013 E-Mail: jeanlouis_sports@yahoo.fr<\/strong><\/p>\n<p><span style=\"color: #008000;\">Les\u00a0itin\u00e9raires\u00a0\u00e0 v\u00e9lo<\/span><br \/>\n<a href=\"http:\/\/luberongite.fr\/provence\/wp-content\/uploads\/2015\/10\/luberon-en-vtt-copie.jpg\"><img loading=\"lazy\" decoding=\"async\" class=\"alignleft wp-image-2214 size-full\" src=\"http:\/\/luberongite.fr\/provence\/wp-content\/uploads\/2015\/10\/luberon-en-vtt-copie.jpg\" alt=\"\" width=\"983\" height=\"661\" srcset=\"https:\/\/luberongite.fr\/provence\/wp-content\/uploads\/2015\/10\/luberon-en-vtt-copie.jpg 983w, https:\/\/luberongite.fr\/provence\/wp-content\/uploads\/2015\/10\/luberon-en-vtt-copie-300x202.jpg 300w, https:\/\/luberongite.fr\/provence\/wp-content\/uploads\/2015\/10\/luberon-en-vtt-copie-700x471.jpg 700w\" sizes=\"auto, (max-width: 983px) 100vw, 983px\" \/><\/a><\/p>\n<p>&nbsp;<\/p>\n","protected":false},"excerpt":{"rendered":"<p>Le Luberon vous offre la possibilit\u00e9, de faire des\u00a0balades \u00e0 v\u00e9lo de tout niveaux: sportive, familiale, en libert\u00e9 ou accompagn\u00e9e par un guide. Nos deux logements sont tr\u00e8s bien situ\u00e9s pour parcourir le Luberon \u00e0 v\u00e9lo: Le g\u00eete les Cerisiers aux Taillades, est situ\u00e9 \u00e0 quelques m\u00e8tres\u00a0du circuit de la &#8230;<\/p>\n","protected":false},"author":2,"featured_media":0,"parent":0,"menu_order":0,"comment_status":"closed","ping_status":"closed","template":"","meta":{"jetpack_post_was_ever_published":false,"footnotes":""},"class_list":["post-312","page","type-page","status-publish","hentry","column","threecol"],"jetpack_sharing_enabled":false,"jetpack_shortlink":"https:\/\/wp.me\/P4ubkp-52","jetpack_likes_enabled":true,"_links":{"self":[{"href":"https:\/\/luberongite.fr\/provence\/wp-json\/wp\/v2\/pages\/312","targetHints":{"allow":["GET"]}}],"collection":[{"href":"https:\/\/luberongite.fr\/provence\/wp-json\/wp\/v2\/pages"}],"about":[{"href":"https:\/\/luberongite.fr\/provence\/wp-json\/wp\/v2\/types\/page"}],"author":[{"embeddable":true,"href":"https:\/\/luberongite.fr\/provence\/wp-json\/wp\/v2\/users\/2"}],"replies":[{"embeddable":true,"href":"https:\/\/luberongite.fr\/provence\/wp-json\/wp\/v2\/comments?post=312"}],"version-history":[{"count":0,"href":"https:\/\/luberongite.fr\/provence\/wp-json\/wp\/v2\/pages\/312\/revisions"}],"wp:attachment":[{"href":"https:\/\/luberongite.fr\/provence\/wp-json\/wp\/v2\/media?parent=312"}],"curies":[{"name":"wp","href":"https:\/\/api.w.org\/{rel}","templated":true}]}}