{"id":309,"date":"2014-04-07T00:40:15","date_gmt":"2014-04-06T22:40:15","guid":{"rendered":"http:\/\/luberongite.fr\/provence\/?page_id=309"},"modified":"2016-02-19T21:52:31","modified_gmt":"2016-02-19T20:52:31","slug":"circuits-a-cavaillon","status":"publish","type":"page","link":"https:\/\/luberongite.fr\/provence\/circuits-a-cavaillon\/","title":{"rendered":"Circuits p\u00e9destres \u00e0 Cavaillon"},"content":{"rendered":"<p style=\"text-align: justify;\">Trois parcours balis\u00e9s permettent de d\u00e9couvrir tous les aspects de la colline<\/p>\n<p style=\"text-align: justify;\"><strong><a href=\"http:\/\/luberongite.fr\/provence\/wp-content\/uploads\/2014\/04\/cavaillonsentierssmall.jpg\" target=\"_blank\"><img loading=\"lazy\" decoding=\"async\" class=\"alignleft wp-image-347\" src=\"http:\/\/luberongite.fr\/provence\/wp-content\/uploads\/2014\/04\/cavaillonsentierssmall-888x1024.jpg\" alt=\"cavaillon sentiers\" width=\"432\" height=\"498\" srcset=\"https:\/\/luberongite.fr\/provence\/wp-content\/uploads\/2014\/04\/cavaillonsentierssmall-888x1024.jpg 888w, https:\/\/luberongite.fr\/provence\/wp-content\/uploads\/2014\/04\/cavaillonsentierssmall-260x300.jpg 260w, https:\/\/luberongite.fr\/provence\/wp-content\/uploads\/2014\/04\/cavaillonsentierssmall-960x1106.jpg 960w, https:\/\/luberongite.fr\/provence\/wp-content\/uploads\/2014\/04\/cavaillonsentierssmall.jpg 1683w\" sizes=\"auto, (max-width: 432px) 100vw, 432px\" \/><\/a>1 \u2022 \u00ab ENTRE VILLE ET COLLINE \u00bb<\/strong> Acc\u00e8s \u00e0 pied : par la place du Clos, derri\u00e8re l\u2019Arc Romain. <span style=\"text-decoration: underline;\">Parcours de 20 min<\/span> Il relie la place du Clos par la tr\u00e8s ancienne mont\u00e9e au sommet de la colline et conduit le visiteur le long du plateau. Ce parcours commente et illustre quelques aspects essentiels du paysage \u00e9tendu, qui se r\u00e9v\u00e8le peu \u00e0 peu. Des escaliers facilitent depuis le XV\u00e8me si\u00e8cle l\u2019acc\u00e8s \u00e0 la Chapelle. C\u2019est le parcours \u00e0 emprunter pour acc\u00e9der au d\u00e9part de la Via Ferrata<\/p>\n<p style=\"text-align: justify;\"><strong>2 \u2022 SENTIER DE PROMENADE \u00abVALLONS ET PIN\u00c8DES\u00bb <\/strong><span style=\"text-decoration: underline;\">Parcours de 3 heures<\/span>Acc\u00e8s en voiture : Acc\u00e9dez \u00e0 la colline Saint-Jacques en prenant la direction d\u2019Avignon. Apr\u00e8s la caserne des pompiers, tournez \u00e0 gauche, chemin Saint-Baldou. Apr\u00e8s1, 5 km, tournez de nouveau \u00e0 gauche pour prendre la route de Saint-Jacques sur 200m. Sur votre droite, un petit parking a \u00e9t\u00e9 am\u00e9nag\u00e9 avec une aire de pique-nique pour une halte agr\u00e9able dans une ambiance foresti\u00e8re, un jeu de boules. Un second parking , situ\u00e9 au sommet de la colline, offre un panorama remarquable sur la plaine de la Durance et les Alpilles.<\/p>\n<p style=\"text-align: justify;\">Au d\u00e9part du premier parking, le sentier permet de rejoindre une piste foresti\u00e8re au milieu des pins d\u2019Alep. Apr\u00e8s 500m, quitter la piste pour prendre un sentier p\u00e9destre am\u00e9nag\u00e9 jusqu\u2019au plateau d\u2019o\u00f9 l\u2019on a une superbe vue sur la plaine de la Durance et les Alpilles. Pour le retour, traverser la route pour redescendre par le vallon de la voie romaine sur 600m, puis continuez dans la for\u00eat \u00e0 gauche pour regagner le point de d\u00e9part. Tout au long de cette promenade, le visiteur trouvera de nombreux sujets d\u2019int\u00e9r\u00eats, et d\u00e9couvrira la vari\u00e9t\u00e9 des paysages : la for\u00eat de pins d\u2019Alep, la garrigue \u00e0 ch\u00eane vert tr\u00e8s dense, la pelouse \u00e0 branchypode sans oublier les rochers, falaises et grottes. Cette promenade riche en sujets d\u2019int\u00e9r\u00eats est balis\u00e9e et jalonn\u00e9e de panneaux \u00a0d\u2019informations qui racontent au visiteur l\u2019histoire de la colline, utilis\u00e9e comme zone d\u2019habitat d\u00e8s la fin du N\u00e9olithique, puis servant d\u2019oppidum aux Ligures (1000 ans av J.C.) et \u00e0 la tribu celte des \u00ab\u00a0Cavares\u00a0\u00bb.<\/p>\n<p style=\"text-align: justify;\">Ces panneaux \u00e9voquent aussi au cours du parcours la draille antique dite \u00ab voie romaine \u00bb et signalent les traces de chars toujours visibles sur cette voie. On y parle aussi de l\u2019importance des carri\u00e8res en Provence en passant sur le lieu des anciennes carri\u00e8res de Cavaillon.<\/p>\n<p style=\"text-align: justify;\"><strong><img loading=\"lazy\" decoding=\"async\" class=\"alignleft wp-image-356 size-full\" src=\"http:\/\/luberongite.fr\/provence\/wp-content\/uploads\/2014\/04\/grenouillet-cavaillon.jpg\" alt=\"grenouillet-cavaillon\" width=\"300\" height=\"216\" \/>3 \u2022 PROMENADE POUR TOUS AU GRENOUILLET <\/strong><span style=\"text-decoration: underline;\">Parcours de 45min<\/span> Acc\u00e8s en voiture : Face \u00e0 l\u2019Office de Tourisme, prendre \u00e0 gauche l\u2019avenue du Cagnard, au croisement \u00e0 droite, continuez tout droit jusqu\u2019au CREE (Centre de Recherche Saint-Gobain).<\/p>\n<p style=\"text-align: justify;\">Acc\u00e8s \u00e0 pied : Prendre l\u2019avenue du Cagnard, au virage continuez tout droit jusqu\u2019au boulodrome, empruntez le passage entre le boulodrome et la colline, vous arriverez directement sur le site.<\/p>\n<p style=\"text-align: justify;\">Un chemin de promenade, accessible aux v\u00e9los, poussettes et fauteuils roulants (boucle de 1,4km) a \u00e9t\u00e9 am\u00e9nag\u00e9 dans un paysage de culture (cypr\u00e8s, brise-vent), de ripisylve (ancien lit de Durance), et de colline m\u00e9diterran\u00e9enne (bord de la colline Saint-Jacques). Ce jardin de 11 hectares mis en refuge LPO (Convention avec la Ligue de Protection des Oiseaux), en partenariat avec le Parc Naturel R\u00e9gional du Luberon est une incitation \u00e0 la d\u00e9couverte et \u00e0 l\u2019observation de la nature, dans le respect de la faune et de la flore. Les enfants pourront s\u2019amuser \u00e0 d\u00e9couvrir les nichoirs qui ont \u00e9t\u00e9 install\u00e9s. Vous d\u00e9couvrirez sur la rive du chemin longeant la colline Saint-Jacques une bande de plantations m\u00e9diterran\u00e9ennes , un verger conservatoire d\u2019anciennes vari\u00e9t\u00e9s fruiti\u00e8res typiques de la r\u00e9gion, riche de 300 sujets r\u00e9partis en 10 esp\u00e8ces, elles-m\u00eames d\u00e9clin\u00e9es chacune jusqu\u2019\u00e0 16 unit\u00e9s (amandiers, plaqueminiers, cognassiers, pruniers, figuiers, poiriers, pommiers, m\u00fbriers\u2026), dont la fonction est de favoriser l\u2019information et une prise de conscience du public sur la sauvegarde et la gestion d\u2019un patrimoine en voie de disparition. Sur votre droite, des \u00eelots de cultures anciennes, t\u00e9moins de l\u2019industrie textile en Vaucluse entre le XVII\u00e8me et le XX\u00e8me si\u00e8cle, rappellent l\u2019histoire des m\u00fbriers pour l\u2019\u00e9levage des vers \u00e0 soie, de la Garance des Teinturiers qui servait \u00e0 teindre les tissus et du Chardon Card\u00e8re utilis\u00e9 pour carder la laine. Un espace de plantes messicoles (plantes des moissons de c\u00e9r\u00e9ales) enchantera le paysage en \u00e9t\u00e9. La suite du parcours traverse la zone de ripisylve et de milieux humides plus proche de la Durance. Une grande vari\u00e9t\u00e9 de plantes y pousse spontan\u00e9ment, ce qui, au niveau botanique, est d\u2019un grand int\u00e9r\u00eat \u00e9cologique ; de nombreux arbres jalonnent le parcours (pins, fr\u00eanes, ch\u00eanes, noisetiers, saules\u2026). Des bancs vous invitent au repos, \u00e0 contempler la diversit\u00e9 du paysage, \u00e0 l\u2019\u00e9coute de cet environnement qui a gard\u00e9 son caract\u00e8re sauvage.<\/p>\n","protected":false},"excerpt":{"rendered":"<p>Trois parcours balis\u00e9s permettent de d\u00e9couvrir tous les aspects de la colline 1 \u2022 \u00ab ENTRE VILLE ET COLLINE \u00bb Acc\u00e8s \u00e0 pied : par la place du Clos, derri\u00e8re l\u2019Arc Romain. Parcours de 20 min Il relie la place du Clos par la tr\u00e8s ancienne mont\u00e9e au sommet de &#8230;<\/p>\n","protected":false},"author":1,"featured_media":0,"parent":0,"menu_order":0,"comment_status":"closed","ping_status":"open","template":"","meta":{"jetpack_post_was_ever_published":false,"footnotes":""},"class_list":["post-309","page","type-page","status-publish","hentry","column","threecol"],"jetpack_sharing_enabled":true,"jetpack_shortlink":"https:\/\/wp.me\/P4ubkp-4Z","jetpack_likes_enabled":true,"_links":{"self":[{"href":"https:\/\/luberongite.fr\/provence\/wp-json\/wp\/v2\/pages\/309","targetHints":{"allow":["GET"]}}],"collection":[{"href":"https:\/\/luberongite.fr\/provence\/wp-json\/wp\/v2\/pages"}],"about":[{"href":"https:\/\/luberongite.fr\/provence\/wp-json\/wp\/v2\/types\/page"}],"author":[{"embeddable":true,"href":"https:\/\/luberongite.fr\/provence\/wp-json\/wp\/v2\/users\/1"}],"replies":[{"embeddable":true,"href":"https:\/\/luberongite.fr\/provence\/wp-json\/wp\/v2\/comments?post=309"}],"version-history":[{"count":0,"href":"https:\/\/luberongite.fr\/provence\/wp-json\/wp\/v2\/pages\/309\/revisions"}],"wp:attachment":[{"href":"https:\/\/luberongite.fr\/provence\/wp-json\/wp\/v2\/media?parent=309"}],"curies":[{"name":"wp","href":"https:\/\/api.w.org\/{rel}","templated":true}]}}