{"id":237,"date":"2014-03-31T22:11:23","date_gmt":"2014-03-31T20:11:23","guid":{"rendered":"http:\/\/luberongite.fr\/provence\/?page_id=237"},"modified":"2015-09-03T15:39:37","modified_gmt":"2015-09-03T13:39:37","slug":"les-taillades-circuits-pedestres","status":"publish","type":"page","link":"https:\/\/luberongite.fr\/provence\/les-taillades-circuits-pedestres\/","title":{"rendered":"Circuits p\u00e9destres aux Taillades"},"content":{"rendered":"<p style=\"text-align: justify;\">Nous vous proposons 5 circuits inoubliables dans le parc naturel du Luberon, au d\u00e9part de la Mairie des Taillades ou bien du g\u00eete les Cerisiers.<\/p>\n<div class=\"su-tabs su-tabs-style-default su-tabs-mobile-stack\" data-active=\"1\" data-scroll-offset=\"0\" data-anchor-in-url=\"no\"><div class=\"su-tabs-nav\"><span class=\"\" data-url=\"\" data-target=\"blank\" tabindex=\"0\" role=\"button\">Circuit 1<\/span><span class=\"\" data-url=\"\" data-target=\"blank\" tabindex=\"0\" role=\"button\">Circuit 2<\/span><span class=\"\" data-url=\"\" data-target=\"blank\" tabindex=\"0\" role=\"button\">Circuit 3<\/span><span class=\"\" data-url=\"\" data-target=\"blank\" tabindex=\"0\" role=\"button\">Circuit 4<\/span><span class=\"\" data-url=\"\" data-target=\"blank\" tabindex=\"0\" role=\"button\">Circuit 5<\/span><\/div><div class=\"su-tabs-panes\"><div class=\"su-tabs-pane su-u-clearfix su-u-trim\" data-title=\"Circuit 1\">\n<h4><span style=\"font-size: 1.142857143rem; line-height: 1.846153846;\">CIRCUIT N\u00b0 1<img loading=\"lazy\" decoding=\"async\" class=\"alignright wp-image-244 size-large\" src=\"http:\/\/luberongite.fr\/provence\/wp-content\/uploads\/2014\/03\/circuit-1-les-taillades-1024x775.jpg\" alt=\"circuit 1 les taillades\" width=\"625\" height=\"473\" srcset=\"https:\/\/luberongite.fr\/provence\/wp-content\/uploads\/2014\/03\/circuit-1-les-taillades-1024x775.jpg 1024w, https:\/\/luberongite.fr\/provence\/wp-content\/uploads\/2014\/03\/circuit-1-les-taillades-300x227.jpg 300w, https:\/\/luberongite.fr\/provence\/wp-content\/uploads\/2014\/03\/circuit-1-les-taillades-960x726.jpg 960w, https:\/\/luberongite.fr\/provence\/wp-content\/uploads\/2014\/03\/circuit-1-les-taillades.jpg 1573w\" sizes=\"auto, (max-width: 625px) 100vw, 625px\" \/><\/span><\/h4>\n<p><strong style=\"line-height: 1.8; font-size: 1rem;\">Vieux Village<br \/>\n<\/strong><strong>Chapelle St-Gens<br \/>\n<\/strong><strong>Moulin St-Pierre<\/strong><\/p>\n<p><span style=\"text-decoration: underline;\">Indications :<\/span><br \/>\nTr\u00e8s facile<br \/>\nDur\u00e9e : 1h30<br \/>\nD\u00e9part : Mairie des Taillades<\/p>\n<p>P\u00e9n\u00e9trer dans le vieux village par la rue de l&rsquo;\u00e9glise. \u00c0\u00a0gauche se trouvent les vestiges du vieux ch\u00e2teau, \u00e0 droite, le ch\u00e2teau actuel b\u00e2ti au XVII.<br \/>\nQuelques m\u00e8tres plus loin sur la gauche, se trouve la sculpture du \u00ab Morvellous \u00bb ( morveux en occitan) ; elle repr\u00e9senterait l&rsquo;\u00e9v\u00eaque Saint-V\u00e9ran de Cavaillon \u00e0 qui la l\u00e9gende attribue l&rsquo;\u00e9limination\u00a0du dragon qui occupait les profondeurs de la Fontaine de Vaucluse.<\/p>\n<p><a href=\"http:\/\/luberongite.fr\/provence\/wp-content\/uploads\/2015\/08\/5D3_1657_BD.jpg\"><img loading=\"lazy\" decoding=\"async\" class=\"alignleft wp-image-2180 size-medium\" src=\"http:\/\/luberongite.fr\/provence\/wp-content\/uploads\/2015\/08\/5D3_1657_BD-300x200.jpg\" alt=\"\" width=\"300\" height=\"200\" srcset=\"https:\/\/luberongite.fr\/provence\/wp-content\/uploads\/2015\/08\/5D3_1657_BD-300x200.jpg 300w, https:\/\/luberongite.fr\/provence\/wp-content\/uploads\/2015\/08\/5D3_1657_BD.jpg 675w\" sizes=\"auto, (max-width: 300px) 100vw, 300px\" \/><\/a><\/p>\n<p>Dans la mont\u00e9e de la rue de l&rsquo;\u00e9glise, en contrebas \u00e0 droite, la carri\u00e8re de molasse porte les marques de l&rsquo;ancienne exploitation \u00e0 ciel ouvert : traces d&rsquo;extraction de blocs, d&rsquo;instruments de d\u00e9coupe sur les parois. Aujourd&rsquo;hui elle sert de d\u00e9cor \u00e0 des manifestations culturelles pendant la p\u00e9riode estivale (th\u00e9\u00e2tres, concerts\u2026)<\/p>\n<p>Une table d&rsquo;orientation permet de faire un tour d&rsquo;horizon des Alpilles au plateau d&rsquo;Albion et d&rsquo;appr\u00e9cier le contraste entre les espaces rocheux et forestiers du Luberon et la plaine agricole et urbanis\u00e9e.<img loading=\"lazy\" decoding=\"async\" class=\" wp-image-242 size-full alignright\" src=\"http:\/\/luberongite.fr\/provence\/wp-content\/uploads\/2014\/03\/chapelle-saint-gens.jpg\" alt=\"OLYMPUS DIGITAL CAMERA\" width=\"165\" height=\"160\" \/><\/p>\n<p>&nbsp;<\/p>\n<p>Se diriger vers l&rsquo;\u00e9glise r\u00e9\u00e9difi\u00e9e au XVIII\u00e8me si\u00e8cle, et entrer \u00e0 droite dans le jardin du presbyt\u00e8re ( ancien cimeti\u00e8re). On se trouve au c\u0153ur du village m\u00e9di\u00e9val. De l\u00e0 on peut observer des traces d&rsquo;habitats anciens et l&rsquo;\u00e9glise primitive du XII\u00e8me ou XIII\u00e8me si\u00e8cle dont on aper\u00e7oit seulement le toit couvert de lauzes ainsi que le presbyt\u00e8re b\u00e2ti \u00e0 m\u00eame le rocher.<\/p>\n<address><span style=\"font-size: 1rem; line-height: 1.714285714;\"><a href=\"http:\/\/luberongite.fr\/provence\/wp-content\/uploads\/2014\/03\/5D3_1441_BD.jpg\"><img loading=\"lazy\" decoding=\"async\" class=\"alignleft wp-image-2183 size-medium\" src=\"http:\/\/luberongite.fr\/provence\/wp-content\/uploads\/2014\/03\/5D3_1441_BD-300x200.jpg\" alt=\"5D3_1441_BD\" width=\"300\" height=\"200\" srcset=\"https:\/\/luberongite.fr\/provence\/wp-content\/uploads\/2014\/03\/5D3_1441_BD-300x200.jpg 300w, https:\/\/luberongite.fr\/provence\/wp-content\/uploads\/2014\/03\/5D3_1441_BD.jpg 675w\" sizes=\"auto, (max-width: 300px) 100vw, 300px\" \/><\/a>La molasse est un calcaire gr\u00e9seux qui s&rsquo;est accumul\u00e9 au cours de la p\u00e9riode mioc\u00e8ne (-25 \u00e0 -8 millions d&rsquo;ann\u00e9es). C&rsquo;est une roche tendre qui favorise l&rsquo;apparition de sources et qui, de ce fait, a souvent \u00e9t\u00e9 le lieu des plus anciennes installations humaines dans le Luberon et, au-del\u00e0, en Provence.\u00a0<\/span><\/address>\n<\/div>\n<div class=\"su-tabs-pane su-u-clearfix su-u-trim\" data-title=\"Circuit 2\">\n<h4>CIRCUIT N\u00b0 2<a href=\"http:\/\/luberongite.fr\/provence\/wp-content\/uploads\/2015\/04\/damienboschi-photographe-nature-luberon-0331.jpg\"><img loading=\"lazy\" decoding=\"async\" class=\" alignright wp-image-1928\" src=\"http:\/\/luberongite.fr\/provence\/wp-content\/uploads\/2015\/04\/damienboschi-photographe-nature-luberon-0331-300x200.jpg\" alt=\"damienboschi-photographe-nature-luberon-0331\" width=\"312\" height=\"208\" srcset=\"https:\/\/luberongite.fr\/provence\/wp-content\/uploads\/2015\/04\/damienboschi-photographe-nature-luberon-0331-300x200.jpg 300w, https:\/\/luberongite.fr\/provence\/wp-content\/uploads\/2015\/04\/damienboschi-photographe-nature-luberon-0331.jpg 1024w, https:\/\/luberongite.fr\/provence\/wp-content\/uploads\/2015\/04\/damienboschi-photographe-nature-luberon-0331-700x467.jpg 700w\" sizes=\"auto, (max-width: 312px) 100vw, 312px\" \/><\/a><img loading=\"lazy\" decoding=\"async\" class=\"alignright wp-image-246 size-full\" src=\"http:\/\/luberongite.fr\/provence\/wp-content\/uploads\/2014\/03\/circuit-2-les-taillades.jpg\" alt=\"circuit 2 les taillades\" width=\"321\" height=\"250\" srcset=\"https:\/\/luberongite.fr\/provence\/wp-content\/uploads\/2014\/03\/circuit-2-les-taillades.jpg 321w, https:\/\/luberongite.fr\/provence\/wp-content\/uploads\/2014\/03\/circuit-2-les-taillades-300x233.jpg 300w\" sizes=\"auto, (max-width: 321px) 100vw, 321px\" \/><\/h4>\n<p><strong>Colline de Pied-Caud<\/strong><\/p>\n<p><span style=\"text-decoration: underline;\">Indications :<br \/>\n<\/span>Facile<br \/>\nDur\u00e9e : 1h30<br \/>\nD\u00e9part : G\u00eete les Cerisiers<br \/>\nD\u00e9nivel\u00e9 : +60 m\u00e8tres<\/p>\n<p>Sortir de la propri\u00e9t\u00e9 en empruntant l&rsquo;escalier au fond du jardin, puis traverser le canal. \u00c0\u00a0quelques m\u00e8tres \u00e0 droite, un panneau d&rsquo;information r\u00e9alis\u00e9 par l&rsquo;Office national des forets pr\u00e9sente les circuits qui permettent de d\u00e9couvrir la colline, peupl\u00e9e principalement de pins d&rsquo;Alep.<\/p>\n<hr \/>\n<h4>Article relatif:<\/h4>\n\n\n<div class=\"su-posts su-posts-default-loop \">\n\n\t\n\t\t\t\t\t\n\t\t\t\n\t\t\t<div id=\"su-post-1896\" class=\"su-post \">\n\n\t\t\t\t\t\t\t\t\t<a class=\"su-post-thumbnail\" href=\"https:\/\/luberongite.fr\/provence\/activites\/decouverte-de-la-biodiversite-du-massif-du-luberon-colline-de-pied-caud-aux-taillades\/\"><img loading=\"lazy\" decoding=\"async\" width=\"1024\" height=\"683\" src=\"https:\/\/luberongite.fr\/provence\/wp-content\/uploads\/2015\/04\/damienboschi-photographe-nature-luberon-0922.jpg\" class=\"attachment-post-thumbnail size-post-thumbnail wp-post-image\" alt=\"\" srcset=\"https:\/\/luberongite.fr\/provence\/wp-content\/uploads\/2015\/04\/damienboschi-photographe-nature-luberon-0922.jpg 1024w, https:\/\/luberongite.fr\/provence\/wp-content\/uploads\/2015\/04\/damienboschi-photographe-nature-luberon-0922-300x200.jpg 300w, https:\/\/luberongite.fr\/provence\/wp-content\/uploads\/2015\/04\/damienboschi-photographe-nature-luberon-0922-700x467.jpg 700w\" sizes=\"auto, (max-width: 1024px) 100vw, 1024px\" \/><\/a>\n\t\t\t\t\n\t\t\t\t<h2 class=\"su-post-title\"><a href=\"https:\/\/luberongite.fr\/provence\/activites\/decouverte-de-la-biodiversite-du-massif-du-luberon-colline-de-pied-caud-aux-taillades\/\">D\u00e9couverte de la biodiversit\u00e9 du massif du Luberon &#8211; Colline de Pied Caud aux Taillades<\/a><\/h2>\n\n\t\t\t\t<div class=\"su-post-meta\">\n\t\t\t\t\tPubli\u00e9: 21 avril 2015\t\t\t\t<\/div>\n\n\t\t\t\t<div class=\"su-post-excerpt\">\n\t\t\t\t\t<p>La flore du Luberon sur la commune des Taillades<\/p>\n\t\t\t\t<\/div>\n\n\t\t\t\t\n\t\t\t<\/div>\n\n\t\t\n\t\n<\/div>\n\n<\/div>\n<div class=\"su-tabs-pane su-u-clearfix su-u-trim\" data-title=\"Circuit 3\">\n<h4>CIRCUIT N\u00b0 3<img loading=\"lazy\" decoding=\"async\" class=\"alignright wp-image-248 size-large\" src=\"http:\/\/luberongite.fr\/provence\/wp-content\/uploads\/2014\/03\/circuit-3-les-taillades-1024x901.jpg\" alt=\"circuit 3 les taillades\" width=\"625\" height=\"549\" srcset=\"https:\/\/luberongite.fr\/provence\/wp-content\/uploads\/2014\/03\/circuit-3-les-taillades-1024x901.jpg 1024w, https:\/\/luberongite.fr\/provence\/wp-content\/uploads\/2014\/03\/circuit-3-les-taillades-300x263.jpg 300w, https:\/\/luberongite.fr\/provence\/wp-content\/uploads\/2014\/03\/circuit-3-les-taillades-960x844.jpg 960w, https:\/\/luberongite.fr\/provence\/wp-content\/uploads\/2014\/03\/circuit-3-les-taillades.jpg 1549w\" sizes=\"auto, (max-width: 625px) 100vw, 625px\" \/><\/h4>\n<p><strong>Chapelle St-Gens<\/strong><br \/>\n<strong>Badarel<\/strong><br \/>\n<strong>Blancamp<\/strong><\/p>\n<p><span style=\"text-decoration: underline;\">Indications :<br \/>\n<\/span>Facile<br \/>\nDur\u00e9e : 2h<br \/>\nD\u00e9part : Mairie des Taillades<br \/>\nD\u00e9nivel\u00e9 : +110 m\u00e8tres<\/p>\n<p>Se placer en face du Luberon, prendre \u00e0 gauche le chemin du Luberon vers la chapelle Saint-Gens. Apr\u00e8s la chapelle, continuer \u00e0 marcher sur la petite route, laisser \u00e0 gauche la rue du stade et prendre \u00e0 droite le chemin de boulon qui part en direction du Luberon. Suivre ce chemin sur environ 200 m\u00e8tres presque jusqu&rsquo;au pied du massif. \u00c0\u00a0la hauteur d&rsquo;une grande clairi\u00e8re, prendre le chemin \u00e0 droite sur environ 800 m\u00e8tres. Au sommet de la cote le suivre jusqu&rsquo;\u00e0 la barri\u00e8re m\u00e9tallique qui marque l&rsquo;entr\u00e9e de la piste n\u00b037.<\/p>\n<p>Suivre la piste (chemin rev\u00eatu et pentu au d\u00e9part). Apres une succession de virages, \u00e0 la hauteur du vallon de la Combe, on atteint une citerne de DFCI. Apr\u00e8s la citerne, remarquez sur votre droite un alignement de pierres qui repr\u00e9sente les vestiges les plus m\u00e9ridionaux du mur de la peste plus connu sous le nom de \u00ab la ligne \u00bb.<\/p>\n<p>Un peu plus loin on d\u00e9couvre un large affleurement rocheux. Cette dalle calcaire \u00e9tait utilis\u00e9e autrefois pour le s\u00e9chage du thym.<\/p>\n<p>Prendre \u00e0 gauche une piste puis le trac\u00e9 de l&rsquo;Office National des Forets qui ram\u00e8ne au d\u00e9but du parcours de Pied-Caud, \u00e0 quelques m\u00e8tres du gite Les Cerisiers.<\/p>\n<\/div>\n<div class=\"su-tabs-pane su-u-clearfix su-u-trim\" data-title=\"Circuit 4\">\n<h4>CIRCUIT N\u00b0 4<img loading=\"lazy\" decoding=\"async\" class=\"alignright wp-image-250 size-large\" src=\"http:\/\/luberongite.fr\/provence\/wp-content\/uploads\/2014\/03\/circuit-4-les-taillades-1024x826.jpg\" alt=\"circuit 4 les taillades\" width=\"625\" height=\"504\" srcset=\"https:\/\/luberongite.fr\/provence\/wp-content\/uploads\/2014\/03\/circuit-4-les-taillades-1024x826.jpg 1024w, https:\/\/luberongite.fr\/provence\/wp-content\/uploads\/2014\/03\/circuit-4-les-taillades-300x242.jpg 300w, https:\/\/luberongite.fr\/provence\/wp-content\/uploads\/2014\/03\/circuit-4-les-taillades-960x775.jpg 960w, https:\/\/luberongite.fr\/provence\/wp-content\/uploads\/2014\/03\/circuit-4-les-taillades.jpg 1553w\" sizes=\"auto, (max-width: 625px) 100vw, 625px\" \/><\/h4>\n<p><strong>Gorges de Badarel<\/strong><br \/>\n<strong>L&rsquo;aiguille<\/strong><\/p>\n<p><span style=\"text-decoration: underline;\">Indications :<br \/>\n<\/span>Assez difficile<br \/>\nDur\u00e9e : 3h00<br \/>\nD\u00e9part : Mairie des Taillades<br \/>\nD\u00e9nivel\u00e9 : + 300 m\u00e8tres<\/p>\n<p>Se placer face au Luberon, prendre \u00e0 gauche le chemin du Luberon. Apr\u00e8s le cimeti\u00e8re, prendre \u00e0 droite le chemin de Badarel. \u00c0\u00a0hauteur de la barri\u00e8re m\u00e9tallique qui marque l&rsquo;entr\u00e9e de la piste n\u00b037 prendre le sentier caillouteux qui p\u00e9n\u00e8tre dans un vallon bois\u00e9 en direction de la gorge de Badarel.<\/p>\n<p>Remonter le sentier dans les \u00e9boulis jusqu&rsquo;au saut de Badarel. Une \u00e9chelle \u00e0 droite facilite le franchissement du verrou rocheux.<\/p>\n<p>Rester \u00e0 gauche le long de la paroi pour atteindre un petit vallon. Suivre le sentier au fond du vallon. Gagner le pied d&rsquo;un promontoire rocheux qui s\u00e9pare le vallon de la Barre \u00e0 gauche, du vallon de Badarel \u00e0 droite. Gravir ce promontoire et suivre un sentier en direction du Sud-est pour rejoindre un tas de pierres. De l\u00e0, prendre \u00e0 droite en suivant la cr\u00eate qui domine le vallon du Colombier. On atteint un mamelon d&rsquo;o\u00f9 part un sentier qui descend l&rsquo;ar\u00eate rocheuse de l&rsquo;Aiguille et rejoint la piste n\u00b037. Suivre la piste \u00e0 gauche, apr\u00e8s une grande maison situ\u00e9e dans les pins, quitter la piste pour descendre par un sentier \u00e0 droite, en direction de l&rsquo;\u00e9cole, puis regagner le point de d\u00e9part par l&rsquo;avenue du ch\u00e2teau.<br \/>\n<\/div>\n<div class=\"su-tabs-pane su-u-clearfix su-u-trim\" data-title=\"Circuit 5\">\n<h4>CIRCUIT N\u00b0 5<img loading=\"lazy\" decoding=\"async\" class=\"alignright wp-image-252 size-large\" src=\"http:\/\/luberongite.fr\/provence\/wp-content\/uploads\/2014\/03\/circuit-5-les-taillades-1024x855.jpg\" alt=\"circuit 5 les taillades\" width=\"625\" height=\"521\" srcset=\"https:\/\/luberongite.fr\/provence\/wp-content\/uploads\/2014\/03\/circuit-5-les-taillades-1024x855.jpg 1024w, https:\/\/luberongite.fr\/provence\/wp-content\/uploads\/2014\/03\/circuit-5-les-taillades-300x250.jpg 300w, https:\/\/luberongite.fr\/provence\/wp-content\/uploads\/2014\/03\/circuit-5-les-taillades-960x802.jpg 960w, https:\/\/luberongite.fr\/provence\/wp-content\/uploads\/2014\/03\/circuit-5-les-taillades.jpg 1527w\" sizes=\"auto, (max-width: 625px) 100vw, 625px\" \/><\/h4>\n<p><strong>Vallon de la Combe<\/strong><br \/>\n<strong>Combe de Vidauque<\/strong><br \/>\n<strong>Vallon du Colombier<\/strong><br \/>\n<strong>La Citerne ( Bergerie de Robion)<\/strong><br \/>\n<strong>Gorge de Badarel<\/strong><\/p>\n<p><span style=\"text-decoration: underline;\">Indications :<br \/>\n<\/span>Assez difficile<br \/>\nDur\u00e9e : 4h00<br \/>\nD\u00e9part : Ecole des Taillades<br \/>\nD\u00e9nivel\u00e9 : + 400 m\u00e8tres<\/p>\n<p>\u00c0\u00a0l&rsquo;Ecole, monter dans la pin\u00e8de pour atteindre une piste. La suivre \u00e0 gauche jusqu&rsquo;\u00e0 une citerne. Prendre \u00e0 droite un sentier, le suivre jusqu&rsquo;\u00e0 l&rsquo;entr\u00e9e de la combe de Vidauque. Prendre \u00e0 gauche jusqu&rsquo;\u00e0 une bifurcation. Tourner \u00e0 gauche et remonter le vallon du Colombier jusqu&rsquo;\u00e0 la Bergerie.<\/p>\n<p>Apr\u00e8s la Bergerie prendre le premier sentier \u00e0 gauche qui rejoint le plateau de la Crau du Colombier.<\/p>\n<p>Au croisement suivant, pendre \u00e0 gauche le chemin du vallon de la Brayette que l&rsquo;on quitte apr\u00e8s une centaine de m\u00e8tres pour prendre \u00e0 gauche le sentier qui traverse la Crau du Colombier. Apres 600 m\u00e8tres environ, prendre \u00e0 droite un sentier qui descend l&rsquo;\u00e9chine qui s\u00e9pare le vallon de la barre \u00e0 droite, du vallon de Badarel \u00e0 gauche. On atteint un promontoire rocheux par lequel il faut redescendre dans la gorge de Badarel. Franchir le saut de Badarel \u00e0 l&rsquo;aide d&rsquo;une \u00e9chelle. \u00c0\u00a0hauteur de la barri\u00e8re m\u00e9tallique de la piste n\u00b037 prendre droit devant soi, et ensuite \u00e0 gauche le chemin du Luberon qui ram\u00e8ne \u00e0 la mairie des Taillades.<br \/>\n<\/div><\/div><\/div>\n<div class=\"su-note\"  style=\"border-color:#d2d2d2;border-radius:9px;-moz-border-radius:9px;-webkit-border-radius:9px;\"><div class=\"su-note-inner su-u-clearfix su-u-trim\" style=\"background-color:#ececec;border-color:#ffffff;color:#fb0707;border-radius:9px;-moz-border-radius:9px;-webkit-border-radius:9px;\"><strong>IMPORTANT:<\/strong>\u00a0Pour votre s\u00e9curit\u00e9 l&rsquo;acc\u00e8s aux massifs est r\u00e9glement\u00e9 du 1er juillet au 15 septembre. Se renseigner \u00e0 l&rsquo;office du tourisme au 04 90 76 09 26 ou \u00e0 la borne d&rsquo;information sur les feux de for\u00eat au 04 88 17 80 00<\/p>\n<\/div><\/div>\n<h4><\/h4>\n","protected":false},"excerpt":{"rendered":"<p>Nous vous proposons 5 circuits inoubliables dans le parc naturel du Luberon, au d\u00e9part de la Mairie des Taillades ou bien du g\u00eete les Cerisiers.<\/p>\n","protected":false},"author":2,"featured_media":0,"parent":0,"menu_order":0,"comment_status":"closed","ping_status":"closed","template":"","meta":{"jetpack_post_was_ever_published":false,"footnotes":""},"class_list":["post-237","page","type-page","status-publish","hentry","column","threecol","has-thumbnail"],"jetpack_sharing_enabled":false,"jetpack_shortlink":"https:\/\/wp.me\/P4ubkp-3P","jetpack_likes_enabled":true,"_links":{"self":[{"href":"https:\/\/luberongite.fr\/provence\/wp-json\/wp\/v2\/pages\/237","targetHints":{"allow":["GET"]}}],"collection":[{"href":"https:\/\/luberongite.fr\/provence\/wp-json\/wp\/v2\/pages"}],"about":[{"href":"https:\/\/luberongite.fr\/provence\/wp-json\/wp\/v2\/types\/page"}],"author":[{"embeddable":true,"href":"https:\/\/luberongite.fr\/provence\/wp-json\/wp\/v2\/users\/2"}],"replies":[{"embeddable":true,"href":"https:\/\/luberongite.fr\/provence\/wp-json\/wp\/v2\/comments?post=237"}],"version-history":[{"count":0,"href":"https:\/\/luberongite.fr\/provence\/wp-json\/wp\/v2\/pages\/237\/revisions"}],"wp:attachment":[{"href":"https:\/\/luberongite.fr\/provence\/wp-json\/wp\/v2\/media?parent=237"}],"curies":[{"name":"wp","href":"https:\/\/api.w.org\/{rel}","templated":true}]}}