{"id":2153,"date":"2015-08-24T21:05:22","date_gmt":"2015-08-24T19:05:22","guid":{"rendered":"http:\/\/luberongite.fr\/provence\/?page_id=2153"},"modified":"2016-02-02T11:58:17","modified_gmt":"2016-02-02T10:58:17","slug":"top-10-luberon-alpilles","status":"publish","type":"page","link":"https:\/\/luberongite.fr\/provence\/top-10-luberon-alpilles\/","title":{"rendered":"Top 10 Luberon &#038; Alpilles en images"},"content":{"rendered":"<p>Dans un rayon de 40 km autour de nos g\u00eetes, nous avons s\u00e9lectionn\u00e9\u00a010 sites \u00e0 ne pas manquer. Le choix \u00e0 \u00e9t\u00e9 difficile!<\/p>\n<h4>1. Les Baux de Provence<\/h4>\n<p><img loading=\"lazy\" decoding=\"async\" class=\"alignnone wp-image-2156\" src=\"http:\/\/luberongite.fr\/provence\/wp-content\/uploads\/2015\/08\/Baux-de-Provence-luberongite-1024x550.jpg\" alt=\"Baux-de-Provence-luberongite\" width=\"550\" height=\"295\" srcset=\"https:\/\/luberongite.fr\/provence\/wp-content\/uploads\/2015\/08\/Baux-de-Provence-luberongite.jpg 1024w, https:\/\/luberongite.fr\/provence\/wp-content\/uploads\/2015\/08\/Baux-de-Provence-luberongite-300x161.jpg 300w, https:\/\/luberongite.fr\/provence\/wp-content\/uploads\/2015\/08\/Baux-de-Provence-luberongite-700x376.jpg 700w\" sizes=\"auto, (max-width: 550px) 100vw, 550px\" \/><\/p>\n<h4>2. Le Colorado de Rustrel<\/h4>\n<p><img loading=\"lazy\" decoding=\"async\" class=\" wp-image-558 size-full alignnone\" src=\"http:\/\/luberongite.fr\/provence\/wp-content\/uploads\/2014\/06\/Rustrel.jpg\" alt=\"Rustrel\" width=\"960\" height=\"230\" srcset=\"https:\/\/luberongite.fr\/provence\/wp-content\/uploads\/2014\/06\/Rustrel.jpg 960w, https:\/\/luberongite.fr\/provence\/wp-content\/uploads\/2014\/06\/Rustrel-300x71.jpg 300w\" sizes=\"auto, (max-width: 960px) 100vw, 960px\" \/><\/p>\n<h4>3. Avignon<\/h4>\n<p><img loading=\"lazy\" decoding=\"async\" class=\"alignnone wp-image-2158\" src=\"http:\/\/luberongite.fr\/provence\/wp-content\/uploads\/2015\/08\/Avignon-luberongite.jpg\" alt=\"Avignon-luberongite\" width=\"550\" height=\"366\" srcset=\"https:\/\/luberongite.fr\/provence\/wp-content\/uploads\/2015\/08\/Avignon-luberongite.jpg 1000w, https:\/\/luberongite.fr\/provence\/wp-content\/uploads\/2015\/08\/Avignon-luberongite-300x200.jpg 300w, https:\/\/luberongite.fr\/provence\/wp-content\/uploads\/2015\/08\/Avignon-luberongite-700x466.jpg 700w\" sizes=\"auto, (max-width: 550px) 100vw, 550px\" \/><\/p>\n<h4>4. Gordes<\/h4>\n<p><img loading=\"lazy\" decoding=\"async\" class=\"alignnone wp-image-2157\" src=\"http:\/\/luberongite.fr\/provence\/wp-content\/uploads\/2015\/08\/Gordes-luberongite-1024x681.jpg\" alt=\"Gordes-luberongite\" width=\"550\" height=\"366\" srcset=\"https:\/\/luberongite.fr\/provence\/wp-content\/uploads\/2015\/08\/Gordes-luberongite.jpg 1024w, https:\/\/luberongite.fr\/provence\/wp-content\/uploads\/2015\/08\/Gordes-luberongite-300x199.jpg 300w, https:\/\/luberongite.fr\/provence\/wp-content\/uploads\/2015\/08\/Gordes-luberongite-700x465.jpg 700w\" sizes=\"auto, (max-width: 550px) 100vw, 550px\" \/><\/p>\n<h4>5. L&rsquo;Abbaye de S\u00e9nanque<\/h4>\n<h4><img loading=\"lazy\" decoding=\"async\" class=\"alignnone wp-image-2074\" src=\"http:\/\/luberongite.fr\/provence\/wp-content\/uploads\/2015\/05\/senanque-1024x683.jpg\" alt=\"\" width=\"550\" height=\"367\" srcset=\"https:\/\/luberongite.fr\/provence\/wp-content\/uploads\/2015\/05\/senanque.jpg 1024w, https:\/\/luberongite.fr\/provence\/wp-content\/uploads\/2015\/05\/senanque-300x200.jpg 300w, https:\/\/luberongite.fr\/provence\/wp-content\/uploads\/2015\/05\/senanque-700x467.jpg 700w\" sizes=\"auto, (max-width: 550px) 100vw, 550px\" \/><\/h4>\n<h4>6. L&rsquo;Isle sur la Sorgue<\/h4>\n<p><img loading=\"lazy\" decoding=\"async\" class=\"alignnone wp-image-2159\" src=\"http:\/\/luberongite.fr\/provence\/wp-content\/uploads\/2015\/08\/Isle-sur-la-Sorgue-luberong-1024x683.jpg\" alt=\"Isle-sur-la-Sorgue-luberong\" width=\"550\" height=\"367\" srcset=\"https:\/\/luberongite.fr\/provence\/wp-content\/uploads\/2015\/08\/Isle-sur-la-Sorgue-luberong.jpg 1024w, https:\/\/luberongite.fr\/provence\/wp-content\/uploads\/2015\/08\/Isle-sur-la-Sorgue-luberong-300x200.jpg 300w, https:\/\/luberongite.fr\/provence\/wp-content\/uploads\/2015\/08\/Isle-sur-la-Sorgue-luberong-700x467.jpg 700w\" sizes=\"auto, (max-width: 550px) 100vw, 550px\" \/><\/p>\n<h4>7. Lacoste<\/h4>\n<p><img loading=\"lazy\" decoding=\"async\" class=\"alignnone wp-image-2160\" src=\"http:\/\/luberongite.fr\/provence\/wp-content\/uploads\/2015\/08\/Lacoste-luberongite.jpg\" alt=\"Lacoste-luberongite\" width=\"550\" height=\"413\" srcset=\"https:\/\/luberongite.fr\/provence\/wp-content\/uploads\/2015\/08\/Lacoste-luberongite.jpg 700w, https:\/\/luberongite.fr\/provence\/wp-content\/uploads\/2015\/08\/Lacoste-luberongite-300x225.jpg 300w\" sizes=\"auto, (max-width: 550px) 100vw, 550px\" \/><\/p>\n<h4>8. Fontaine de Vaucluse<\/h4>\n<p><img loading=\"lazy\" decoding=\"async\" class=\" size-full wp-image-2162 alignnone\" src=\"http:\/\/luberongite.fr\/provence\/wp-content\/uploads\/2015\/08\/Fontaine-de-Vaucluse-luberongite-1.jpg\" alt=\"Fontaine-de-Vaucluse-luberongite-1\" width=\"550\" height=\"412\" srcset=\"https:\/\/luberongite.fr\/provence\/wp-content\/uploads\/2015\/08\/Fontaine-de-Vaucluse-luberongite-1.jpg 550w, https:\/\/luberongite.fr\/provence\/wp-content\/uploads\/2015\/08\/Fontaine-de-Vaucluse-luberongite-1-300x225.jpg 300w\" sizes=\"auto, (max-width: 550px) 100vw, 550px\" \/><\/p>\n<h4>9. Lourmarin<\/h4>\n<p><img loading=\"lazy\" decoding=\"async\" class=\"alignnone wp-image-2163\" src=\"http:\/\/luberongite.fr\/provence\/wp-content\/uploads\/2015\/08\/Lourmarin-luberongite-1024x683.jpg\" alt=\"Lourmarin-luberongite\" width=\"550\" height=\"367\" srcset=\"https:\/\/luberongite.fr\/provence\/wp-content\/uploads\/2015\/08\/Lourmarin-luberongite.jpg 1024w, https:\/\/luberongite.fr\/provence\/wp-content\/uploads\/2015\/08\/Lourmarin-luberongite-300x200.jpg 300w, https:\/\/luberongite.fr\/provence\/wp-content\/uploads\/2015\/08\/Lourmarin-luberongite-700x467.jpg 700w\" sizes=\"auto, (max-width: 550px) 100vw, 550px\" \/><\/p>\n<h4>10. Les Taillades<\/h4>\n<p><img loading=\"lazy\" decoding=\"async\" class=\"alignleft wp-image-2180\" src=\"http:\/\/luberongite.fr\/provence\/wp-content\/uploads\/2015\/08\/5D3_1657_BD.jpg\" alt=\"\" width=\"550\" height=\"367\" srcset=\"https:\/\/luberongite.fr\/provence\/wp-content\/uploads\/2015\/08\/5D3_1657_BD.jpg 675w, https:\/\/luberongite.fr\/provence\/wp-content\/uploads\/2015\/08\/5D3_1657_BD-300x200.jpg 300w\" sizes=\"auto, (max-width: 550px) 100vw, 550px\" \/><\/p>\n<p>&nbsp;<\/p>\n","protected":false},"excerpt":{"rendered":"<p>Dans un rayon de 40 km autour de nos g\u00eetes, nous avons s\u00e9lectionn\u00e9\u00a010 sites \u00e0 ne pas manquer. Le choix \u00e0 \u00e9t\u00e9 difficile! 1. Les Baux de Provence 2. Le Colorado de Rustrel 3. Avignon 4. Gordes 5. L&rsquo;Abbaye de S\u00e9nanque 6. L&rsquo;Isle sur la Sorgue 7. Lacoste 8. Fontaine &#8230;<\/p>\n","protected":false},"author":2,"featured_media":602,"parent":0,"menu_order":0,"comment_status":"closed","ping_status":"closed","template":"","meta":{"jetpack_post_was_ever_published":false,"footnotes":""},"class_list":["post-2153","page","type-page","status-publish","has-post-thumbnail","hentry","column","threecol","has-thumbnail"],"jetpack_sharing_enabled":true,"jetpack_shortlink":"https:\/\/wp.me\/P4ubkp-yJ","jetpack_likes_enabled":true,"_links":{"self":[{"href":"https:\/\/luberongite.fr\/provence\/wp-json\/wp\/v2\/pages\/2153","targetHints":{"allow":["GET"]}}],"collection":[{"href":"https:\/\/luberongite.fr\/provence\/wp-json\/wp\/v2\/pages"}],"about":[{"href":"https:\/\/luberongite.fr\/provence\/wp-json\/wp\/v2\/types\/page"}],"author":[{"embeddable":true,"href":"https:\/\/luberongite.fr\/provence\/wp-json\/wp\/v2\/users\/2"}],"replies":[{"embeddable":true,"href":"https:\/\/luberongite.fr\/provence\/wp-json\/wp\/v2\/comments?post=2153"}],"version-history":[{"count":0,"href":"https:\/\/luberongite.fr\/provence\/wp-json\/wp\/v2\/pages\/2153\/revisions"}],"wp:featuredmedia":[{"embeddable":true,"href":"https:\/\/luberongite.fr\/provence\/wp-json\/wp\/v2\/media\/602"}],"wp:attachment":[{"href":"https:\/\/luberongite.fr\/provence\/wp-json\/wp\/v2\/media?parent=2153"}],"curies":[{"name":"wp","href":"https:\/\/api.w.org\/{rel}","templated":true}]}}