{"id":1629,"date":"2015-02-14T16:19:57","date_gmt":"2015-02-14T15:19:57","guid":{"rendered":"http:\/\/luberongite.fr\/provence\/?page_id=1629"},"modified":"2016-02-02T11:56:49","modified_gmt":"2016-02-02T10:56:49","slug":"la-camargue-en-velo","status":"publish","type":"page","link":"https:\/\/luberongite.fr\/provence\/la-camargue-en-velo\/","title":{"rendered":"La Camargue en v\u00e9lo"},"content":{"rendered":"<div id=\"metaslider-id-169\" style=\"width: 100%;\" class=\"ml-slider-3-94-0 metaslider metaslider-flex metaslider-169 ml-slider ms-theme-default nav-hidden\" role=\"region\" aria-roledescription=\"Slideshow\" aria-label=\"Camargue panoramique\">\n    <div id=\"metaslider_container_169\">\n        <div id=\"metaslider_169\">\n            <ul class='slides'>\n                <li style=\"display: block; width: 100%;\" class=\"slide-1583 ms-image \" aria-roledescription=\"slide\" aria-label=\"slide-1583\"><img loading=\"lazy\" decoding=\"async\" src=\"https:\/\/luberongite.fr\/provence\/wp-content\/uploads\/2015\/02\/5D3_7196-HD-1024x404.jpg\" height=\"408\" width=\"1033\" alt=\"\" class=\"slider-169 slide-1583\" \/><div class=\"caption-wrap\"><div class=\"caption\">Camargue<\/div><\/div><\/li>\n                <li style=\"display: none; width: 100%;\" class=\"slide-1582 ms-image \" aria-roledescription=\"slide\" aria-label=\"slide-1582\"><img loading=\"lazy\" decoding=\"async\" src=\"https:\/\/luberongite.fr\/provence\/wp-content\/uploads\/2015\/02\/5D3_7221-Modifier-HD-1024x404.jpg\" height=\"408\" width=\"1033\" alt=\"\" class=\"slider-169 slide-1582\" \/><div class=\"caption-wrap\"><div class=\"caption\">Flamingo in Camargue<\/div><\/div><\/li>\n            <\/ul>\n        <\/div>\n        \n    <\/div>\n<\/div>\n<strong><br \/>\nLa Camargue<\/strong>, en occitan proven\u00e7al \u00ab\u00a0Camarga\u00a0\u00bb ou \u00ab\u00a0Camargo\u00a0\u00bb \u00a0est une immense <strong>r\u00e9serve naturelle<\/strong> form\u00e9e d\u2019\u00e9tangs et de rizi\u00e8res, prise dans les deux bras\u00a0du Rh\u00f4ne.<br \/>\nElle est un vrai paradis pour les oiseaux migrateurs, elle est notamment la terre des <strong>flamants roses<\/strong>, taureaux et chevaux blancs.<br \/>\nCet espace naturel de 85000 ha \u00e9loign\u00e9 du\u00a0bruit et de la pollution des villes, se d\u00e9couvre dans le respect de la nature, le plus souvent \u00e0 pieds, \u00e0 cheval ou \u00e0 v\u00e9lo.<br \/>\n<img loading=\"lazy\" decoding=\"async\" class=\"alignright wp-image-1599 size-full\" src=\"http:\/\/luberongite.fr\/provence\/wp-content\/uploads\/2015\/02\/phare-gacholle.jpg\" alt=\"phare gacholle\" width=\"513\" height=\"374\" srcset=\"https:\/\/luberongite.fr\/provence\/wp-content\/uploads\/2015\/02\/phare-gacholle.jpg 513w, https:\/\/luberongite.fr\/provence\/wp-content\/uploads\/2015\/02\/phare-gacholle-300x219.jpg 300w\" sizes=\"auto, (max-width: 513px) 100vw, 513px\" \/><\/p>\n<p>Nous avons\u00a0choisi de vous proposer un <strong>itin\u00e9raire \u00e0 v\u00e9lo<\/strong> (ou a pieds) ferm\u00e9 aux voitures entre les <strong>Saintes Maries de la Mer<\/strong> et\u00a0le <strong>Phare de la Gacholle<\/strong>.<\/p>\n<p>Le parcours est un unique sentier plat \u00a0jonch\u00e9 de graviers et zones sableuses,\u00a0traversant de nombreux <strong>\u00e9tangs peupl\u00e9s d&rsquo;oiseaux<\/strong>.<\/p>\n<p><strong>D\u00e9part:<\/strong> Les Saintes Maries de la Mer , Parking des \u00ab\u00a0Plages Est\u00a0\u00bb, proche du \u00ab\u00a0Bambou Palm Beach\u00a0\u00bb<br \/>\n<strong>Arriv\u00e9e:<\/strong> Phare de la Gacholle<br \/>\n<strong>Distances<\/strong>: 12,5 km \u00a0(25 km aller\/retour)<br \/>\n<strong>Difficult\u00e9: <\/strong>Facile, sentier plat avec quelques zones sableuses<\/p>\n<div id='gallery-1' class='gallery galleryid-1629 gallery-columns-3 gallery-size-large'><figure class='gallery-item'>\n\t\t\t<div class='gallery-icon landscape'>\n\t\t\t\t<a rel='attachment' href='https:\/\/luberongite.fr\/provence\/wp-content\/uploads\/2015\/02\/5D3_7168-HD.jpg'><img loading=\"lazy\" decoding=\"async\" width=\"660\" height=\"371\" src=\"https:\/\/luberongite.fr\/provence\/wp-content\/uploads\/2015\/02\/5D3_7168-HD-1024x576.jpg\" class=\"attachment-large size-large\" alt=\"\" srcset=\"https:\/\/luberongite.fr\/provence\/wp-content\/uploads\/2015\/02\/5D3_7168-HD.jpg 1024w, https:\/\/luberongite.fr\/provence\/wp-content\/uploads\/2015\/02\/5D3_7168-HD-300x169.jpg 300w, https:\/\/luberongite.fr\/provence\/wp-content\/uploads\/2015\/02\/5D3_7168-HD-700x393.jpg 700w\" sizes=\"auto, (max-width: 660px) 100vw, 660px\" \/><\/a>\n\t\t\t<\/div><\/figure><figure class='gallery-item'>\n\t\t\t<div class='gallery-icon landscape'>\n\t\t\t\t<a rel='attachment' href='https:\/\/luberongite.fr\/provence\/wp-content\/uploads\/2015\/02\/5D3_7108-HD.jpg'><img loading=\"lazy\" decoding=\"async\" width=\"660\" height=\"371\" src=\"https:\/\/luberongite.fr\/provence\/wp-content\/uploads\/2015\/02\/5D3_7108-HD-1024x576.jpg\" class=\"attachment-large size-large\" alt=\"\" srcset=\"https:\/\/luberongite.fr\/provence\/wp-content\/uploads\/2015\/02\/5D3_7108-HD.jpg 1024w, https:\/\/luberongite.fr\/provence\/wp-content\/uploads\/2015\/02\/5D3_7108-HD-300x169.jpg 300w, https:\/\/luberongite.fr\/provence\/wp-content\/uploads\/2015\/02\/5D3_7108-HD-700x393.jpg 700w\" sizes=\"auto, (max-width: 660px) 100vw, 660px\" \/><\/a>\n\t\t\t<\/div><\/figure><figure class='gallery-item'>\n\t\t\t<div class='gallery-icon landscape'>\n\t\t\t\t<a rel='attachment' href='https:\/\/luberongite.fr\/provence\/wp-content\/uploads\/2015\/02\/5D3_7153-HD.jpg'><img loading=\"lazy\" decoding=\"async\" width=\"660\" height=\"371\" src=\"https:\/\/luberongite.fr\/provence\/wp-content\/uploads\/2015\/02\/5D3_7153-HD-1024x576.jpg\" class=\"attachment-large size-large\" alt=\"\" srcset=\"https:\/\/luberongite.fr\/provence\/wp-content\/uploads\/2015\/02\/5D3_7153-HD.jpg 1024w, https:\/\/luberongite.fr\/provence\/wp-content\/uploads\/2015\/02\/5D3_7153-HD-300x169.jpg 300w, https:\/\/luberongite.fr\/provence\/wp-content\/uploads\/2015\/02\/5D3_7153-HD-700x393.jpg 700w\" sizes=\"auto, (max-width: 660px) 100vw, 660px\" \/><\/a>\n\t\t\t<\/div><\/figure><figure class='gallery-item'>\n\t\t\t<div class='gallery-icon landscape'>\n\t\t\t\t<a rel='attachment' href='https:\/\/luberongite.fr\/provence\/wp-content\/uploads\/2015\/02\/5D3_7174-HD.jpg'><img loading=\"lazy\" decoding=\"async\" width=\"660\" height=\"371\" src=\"https:\/\/luberongite.fr\/provence\/wp-content\/uploads\/2015\/02\/5D3_7174-HD-1024x576.jpg\" class=\"attachment-large size-large\" alt=\"\" srcset=\"https:\/\/luberongite.fr\/provence\/wp-content\/uploads\/2015\/02\/5D3_7174-HD.jpg 1024w, https:\/\/luberongite.fr\/provence\/wp-content\/uploads\/2015\/02\/5D3_7174-HD-300x169.jpg 300w, https:\/\/luberongite.fr\/provence\/wp-content\/uploads\/2015\/02\/5D3_7174-HD-700x393.jpg 700w\" sizes=\"auto, (max-width: 660px) 100vw, 660px\" \/><\/a>\n\t\t\t<\/div><\/figure><figure class='gallery-item'>\n\t\t\t<div class='gallery-icon landscape'>\n\t\t\t\t<a rel='attachment' href='https:\/\/luberongite.fr\/provence\/wp-content\/uploads\/2015\/02\/5D3_7235-HD.jpg'><img loading=\"lazy\" decoding=\"async\" width=\"660\" height=\"440\" src=\"https:\/\/luberongite.fr\/provence\/wp-content\/uploads\/2015\/02\/5D3_7235-HD-1024x683.jpg\" class=\"attachment-large size-large\" alt=\"\" srcset=\"https:\/\/luberongite.fr\/provence\/wp-content\/uploads\/2015\/02\/5D3_7235-HD.jpg 1024w, https:\/\/luberongite.fr\/provence\/wp-content\/uploads\/2015\/02\/5D3_7235-HD-300x200.jpg 300w, https:\/\/luberongite.fr\/provence\/wp-content\/uploads\/2015\/02\/5D3_7235-HD-700x467.jpg 700w\" sizes=\"auto, (max-width: 660px) 100vw, 660px\" \/><\/a>\n\t\t\t<\/div><\/figure><figure class='gallery-item'>\n\t\t\t<div class='gallery-icon landscape'>\n\t\t\t\t<a rel='attachment' href='https:\/\/luberongite.fr\/provence\/wp-content\/uploads\/2015\/02\/5D3_7236-HD.jpg'><img loading=\"lazy\" decoding=\"async\" width=\"660\" height=\"440\" src=\"https:\/\/luberongite.fr\/provence\/wp-content\/uploads\/2015\/02\/5D3_7236-HD-1024x683.jpg\" class=\"attachment-large size-large\" alt=\"\" aria-describedby=\"gallery-1-1580\" srcset=\"https:\/\/luberongite.fr\/provence\/wp-content\/uploads\/2015\/02\/5D3_7236-HD.jpg 1024w, https:\/\/luberongite.fr\/provence\/wp-content\/uploads\/2015\/02\/5D3_7236-HD-300x200.jpg 300w, https:\/\/luberongite.fr\/provence\/wp-content\/uploads\/2015\/02\/5D3_7236-HD-700x467.jpg 700w\" sizes=\"auto, (max-width: 660px) 100vw, 660px\" \/><\/a>\n\t\t\t<\/div>\n\t\t\t\t<figcaption class='wp-caption-text gallery-caption' id='gallery-1-1580'>\n\t\t\t\tLes saintes maries\n\t\t\t\t<\/figcaption><\/figure>\n\t\t<\/div>\n\n","protected":false},"excerpt":{"rendered":"<p>La Camargue, en occitan proven\u00e7al \u00ab\u00a0Camarga\u00a0\u00bb ou \u00ab\u00a0Camargo\u00a0\u00bb \u00a0est une immense r\u00e9serve naturelle form\u00e9e d\u2019\u00e9tangs et de rizi\u00e8res, prise dans les deux bras\u00a0du Rh\u00f4ne. Elle est un vrai paradis pour les oiseaux migrateurs, elle est notamment la terre des flamants roses, taureaux et chevaux blancs. Cet espace naturel de 85000 &#8230;<\/p>\n","protected":false},"author":2,"featured_media":0,"parent":0,"menu_order":0,"comment_status":"closed","ping_status":"closed","template":"","meta":{"jetpack_post_was_ever_published":false,"footnotes":""},"class_list":["post-1629","page","type-page","status-publish","hentry","column","threecol"],"jetpack_sharing_enabled":true,"jetpack_shortlink":"https:\/\/wp.me\/P4ubkp-qh","jetpack_likes_enabled":true,"_links":{"self":[{"href":"https:\/\/luberongite.fr\/provence\/wp-json\/wp\/v2\/pages\/1629","targetHints":{"allow":["GET"]}}],"collection":[{"href":"https:\/\/luberongite.fr\/provence\/wp-json\/wp\/v2\/pages"}],"about":[{"href":"https:\/\/luberongite.fr\/provence\/wp-json\/wp\/v2\/types\/page"}],"author":[{"embeddable":true,"href":"https:\/\/luberongite.fr\/provence\/wp-json\/wp\/v2\/users\/2"}],"replies":[{"embeddable":true,"href":"https:\/\/luberongite.fr\/provence\/wp-json\/wp\/v2\/comments?post=1629"}],"version-history":[{"count":0,"href":"https:\/\/luberongite.fr\/provence\/wp-json\/wp\/v2\/pages\/1629\/revisions"}],"wp:attachment":[{"href":"https:\/\/luberongite.fr\/provence\/wp-json\/wp\/v2\/media?parent=1629"}],"curies":[{"name":"wp","href":"https:\/\/api.w.org\/{rel}","templated":true}]}}