{"id":1425,"date":"2015-02-01T20:55:43","date_gmt":"2015-02-01T19:55:43","guid":{"rendered":"http:\/\/luberongite.fr\/provence\/?page_id=1425"},"modified":"2015-03-26T00:11:59","modified_gmt":"2015-03-25T23:11:59","slug":"decouverte-de-la-truffe-a-gordes","status":"publish","type":"page","link":"https:\/\/luberongite.fr\/provence\/decouverte-de-la-truffe-a-gordes\/","title":{"rendered":"D\u00e9couverte de la truffe \u00e0 Gordes"},"content":{"rendered":"<p style=\"text-align: justify;\"><img loading=\"lazy\" decoding=\"async\" class=\" wp-image-1456 alignright\" src=\"http:\/\/luberongite.fr\/provence\/wp-content\/uploads\/2015\/02\/DamienBoschi-Photographe-Cavage-de-truffes-Gordes-8223-HD-1024x682.jpg\" alt=\"Cavage de Truffes \u00e0 Gordes\" width=\"480\" height=\"320\" srcset=\"https:\/\/luberongite.fr\/provence\/wp-content\/uploads\/2015\/02\/DamienBoschi-Photographe-Cavage-de-truffes-Gordes-8223-HD.jpg 1024w, https:\/\/luberongite.fr\/provence\/wp-content\/uploads\/2015\/02\/DamienBoschi-Photographe-Cavage-de-truffes-Gordes-8223-HD-300x200.jpg 300w, https:\/\/luberongite.fr\/provence\/wp-content\/uploads\/2015\/02\/DamienBoschi-Photographe-Cavage-de-truffes-Gordes-8223-HD-700x466.jpg 700w\" sizes=\"auto, (max-width: 480px) 100vw, 480px\" \/><br \/>\nQue vous soyez de passage ou de la r\u00e9gion, nous vous proposons une sortie<strong> originale<\/strong> et <strong>passionnante<\/strong> \u00e0 la d\u00e9couverte de la<strong> truffe proven\u00e7ale<\/strong> dans son<strong> milieu nature<\/strong>l.<\/p>\n<p style=\"text-align: justify;\">Monsieur Robert Florent, <strong>trufficulteur<\/strong> \u00e0 <strong>Gordes<\/strong>, vous emm\u00e8nera \u00e0 la d\u00e9couverte de sa passion et partagera avec vous son savoir-faire h\u00e9rit\u00e9 de son grand p\u00e8re.<\/p>\n<p style=\"text-align: justify;\">Il vous guidera pendant 1h30 \u00e0 la d\u00e9couverte de la truffe avec d\u00e9monstration de cavage sur truffi\u00e8res naturelles et sauvages accompagn\u00e9 de son chien \u00ab\u00a0Kita\u00a0\u00bb.<\/p>\n<div class=\"su-divider su-divider-style-default\" style=\"margin:15px 0;border-width:1px;border-color:#999999\"><\/div>\n<h4>\u00c0\u00a0la recherche des \u00ab\u00a0ronds de sorci\u00e8res\u00a0\u00bb<\/h4>\n<p><img loading=\"lazy\" decoding=\"async\" class=\"aligncenter wp-image-1453\" src=\"http:\/\/luberongite.fr\/provence\/wp-content\/uploads\/2015\/02\/DamienBoschi-Photographe-Cavage-de-truffes-Gordes-8123-HD-1024x682.jpg\" alt=\"Cavage de Truffes \u00e0 Gordes\" width=\"840\" height=\"560\" srcset=\"https:\/\/luberongite.fr\/provence\/wp-content\/uploads\/2015\/02\/DamienBoschi-Photographe-Cavage-de-truffes-Gordes-8123-HD.jpg 1024w, https:\/\/luberongite.fr\/provence\/wp-content\/uploads\/2015\/02\/DamienBoschi-Photographe-Cavage-de-truffes-Gordes-8123-HD-300x200.jpg 300w, https:\/\/luberongite.fr\/provence\/wp-content\/uploads\/2015\/02\/DamienBoschi-Photographe-Cavage-de-truffes-Gordes-8123-HD-700x466.jpg 700w\" sizes=\"auto, (max-width: 840px) 100vw, 840px\" \/><\/p>\n<p style=\"text-align: justify;\">Monsieur Florent nous explique comment identifier les zones truffi\u00e8res. Ces zones appel\u00e9es\u00a0 \u00ab\u00a0brul\u00e9s\u00a0\u00bb ou \u00ab\u00a0ronds de sorci\u00e8res\u00a0\u00bb se manifestent par une\u00a0absence totale de v\u00e9g\u00e9tation formant un arrondi autour de l&rsquo;arbre-truffier (Ch\u00eane vert\/blanc, Cade, Olivier).<\/p>\n<h4>La truffe de Kita: la cl\u00e9 du succ\u00e8s<\/h4>\n<div class=\"su-table su-table-alternate\">\n<table>\n<tbody>\n<tr>\n<td><img loading=\"lazy\" decoding=\"async\" class=\" wp-image-1448 aligncenter\" src=\"http:\/\/luberongite.fr\/provence\/wp-content\/uploads\/2015\/02\/DamienBoschi-Photographe-Cavage-de-truffes-Gordes-7897-HD-1024x682.jpg\" alt=\"Cavage de Truffes \u00e0 Gordes\" width=\"480\" height=\"320\" srcset=\"https:\/\/luberongite.fr\/provence\/wp-content\/uploads\/2015\/02\/DamienBoschi-Photographe-Cavage-de-truffes-Gordes-7897-HD.jpg 1024w, https:\/\/luberongite.fr\/provence\/wp-content\/uploads\/2015\/02\/DamienBoschi-Photographe-Cavage-de-truffes-Gordes-7897-HD-300x200.jpg 300w, https:\/\/luberongite.fr\/provence\/wp-content\/uploads\/2015\/02\/DamienBoschi-Photographe-Cavage-de-truffes-Gordes-7897-HD-700x466.jpg 700w\" sizes=\"auto, (max-width: 480px) 100vw, 480px\" \/><\/td>\n<td><img loading=\"lazy\" decoding=\"async\" class=\" wp-image-1451 aligncenter\" src=\"http:\/\/luberongite.fr\/provence\/wp-content\/uploads\/2015\/02\/DamienBoschi-Photographe-Cavage-de-truffes-Gordes-8053-HD-1024x682.jpg\" alt=\"Cavage de Truffes \u00e0 Gordes\" width=\"480\" height=\"320\" srcset=\"https:\/\/luberongite.fr\/provence\/wp-content\/uploads\/2015\/02\/DamienBoschi-Photographe-Cavage-de-truffes-Gordes-8053-HD.jpg 1024w, https:\/\/luberongite.fr\/provence\/wp-content\/uploads\/2015\/02\/DamienBoschi-Photographe-Cavage-de-truffes-Gordes-8053-HD-300x200.jpg 300w, https:\/\/luberongite.fr\/provence\/wp-content\/uploads\/2015\/02\/DamienBoschi-Photographe-Cavage-de-truffes-Gordes-8053-HD-700x466.jpg 700w\" sizes=\"auto, (max-width: 480px) 100vw, 480px\" \/><\/td>\n<\/tr>\n<\/tbody>\n<\/table>\n<\/div>\n<p style=\"text-align: justify;\">Le parfum\u00a0d\u2019une truffe en terre n\u2019est pas d\u00e9celable par l\u2019homme. C\u2019est pour cela qu\u2019un animal \u00e0 l\u2019odorat fin est indispensable, on utilise : soit le chien, soit le cochon, soit la mouche. Kita est une chienne de 7 ans de race Berger Corse,\u00a0elle a \u00e9t\u00e9 dress\u00e9e d\u00e8s son plus jeune age \u00e0 reconna\u00eetre\u00a0et creuser les truffes.<div class=\"su-table su-table-alternate\">\n<table>\n<tbody>\n<tr>\n<td><img loading=\"lazy\" decoding=\"async\" class=\"aligncenter wp-image-1449 size-large\" src=\"http:\/\/luberongite.fr\/provence\/wp-content\/uploads\/2015\/02\/DamienBoschi-Photographe-Cavage-de-truffes-Gordes-7950-HD-1024x682.jpg\" alt=\"Cavage de Truffes \u00e0 Gordes\" width=\"660\" height=\"439\" srcset=\"https:\/\/luberongite.fr\/provence\/wp-content\/uploads\/2015\/02\/DamienBoschi-Photographe-Cavage-de-truffes-Gordes-7950-HD.jpg 1024w, https:\/\/luberongite.fr\/provence\/wp-content\/uploads\/2015\/02\/DamienBoschi-Photographe-Cavage-de-truffes-Gordes-7950-HD-300x200.jpg 300w, https:\/\/luberongite.fr\/provence\/wp-content\/uploads\/2015\/02\/DamienBoschi-Photographe-Cavage-de-truffes-Gordes-7950-HD-700x466.jpg 700w\" sizes=\"auto, (max-width: 660px) 100vw, 660px\" \/><\/td>\n<td><img loading=\"lazy\" decoding=\"async\" class=\"aligncenter wp-image-1452 size-large\" src=\"http:\/\/luberongite.fr\/provence\/wp-content\/uploads\/2015\/02\/DamienBoschi-Photographe-Cavage-de-truffes-Gordes-8062-HD-1024x682.jpg\" alt=\"Cavage de Truffes \u00e0 Gordes\" width=\"660\" height=\"440\" srcset=\"https:\/\/luberongite.fr\/provence\/wp-content\/uploads\/2015\/02\/DamienBoschi-Photographe-Cavage-de-truffes-Gordes-8062-HD.jpg 1024w, https:\/\/luberongite.fr\/provence\/wp-content\/uploads\/2015\/02\/DamienBoschi-Photographe-Cavage-de-truffes-Gordes-8062-HD-300x200.jpg 300w, https:\/\/luberongite.fr\/provence\/wp-content\/uploads\/2015\/02\/DamienBoschi-Photographe-Cavage-de-truffes-Gordes-8062-HD-700x466.jpg 700w\" sizes=\"auto, (max-width: 660px) 100vw, 660px\" \/><\/td>\n<\/tr>\n<\/tbody>\n<\/table>\n<\/div>\n<p style=\"text-align: justify;\">\u00c0\u00a0l&rsquo;aide d&rsquo;un instrument appel\u00e9 le \u00ab\u00a0Cavadou\u00a0\u00bb, M. Florent extrait soigneusement le champignon\u00a0en remettant la mati\u00e8re organique dans le trou creus\u00e9 afin que d&rsquo;autres truffes puissent pousser\u00a0par la suite.<\/p>\n<h4>Une v\u00e9ritable complicit\u00e9 entre\u00a0le ma\u00eetre et son chien<\/h4>\n<div class=\"su-table su-table-alternate\">\n<table>\n<tbody>\n<tr>\n<td><img loading=\"lazy\" decoding=\"async\" class=\"size-large wp-image-1454 aligncenter\" src=\"http:\/\/luberongite.fr\/provence\/wp-content\/uploads\/2015\/02\/DamienBoschi-Photographe-Cavage-de-truffes-Gordes-8148-HD-1024x682.jpg\" alt=\"Cavage de Truffes \u00e0 Gordes\" width=\"660\" height=\"439\" srcset=\"https:\/\/luberongite.fr\/provence\/wp-content\/uploads\/2015\/02\/DamienBoschi-Photographe-Cavage-de-truffes-Gordes-8148-HD.jpg 1024w, https:\/\/luberongite.fr\/provence\/wp-content\/uploads\/2015\/02\/DamienBoschi-Photographe-Cavage-de-truffes-Gordes-8148-HD-300x200.jpg 300w, https:\/\/luberongite.fr\/provence\/wp-content\/uploads\/2015\/02\/DamienBoschi-Photographe-Cavage-de-truffes-Gordes-8148-HD-700x466.jpg 700w\" sizes=\"auto, (max-width: 660px) 100vw, 660px\" \/><\/td>\n<td><img loading=\"lazy\" decoding=\"async\" class=\"aligncenter size-large wp-image-1507\" src=\"http:\/\/luberongite.fr\/provence\/wp-content\/uploads\/2015\/02\/DamienBoschi-Photographe-Cavage-de-truffes-Gordes-8228-HD-1024x682.jpg\" alt=\"Cavage de Truffes \u00e0 Gordes\" width=\"660\" height=\"439\" srcset=\"https:\/\/luberongite.fr\/provence\/wp-content\/uploads\/2015\/02\/DamienBoschi-Photographe-Cavage-de-truffes-Gordes-8228-HD.jpg 1024w, https:\/\/luberongite.fr\/provence\/wp-content\/uploads\/2015\/02\/DamienBoschi-Photographe-Cavage-de-truffes-Gordes-8228-HD-300x200.jpg 300w, https:\/\/luberongite.fr\/provence\/wp-content\/uploads\/2015\/02\/DamienBoschi-Photographe-Cavage-de-truffes-Gordes-8228-HD-700x466.jpg 700w\" sizes=\"auto, (max-width: 660px) 100vw, 660px\" \/><\/td>\n<\/tr>\n<\/tbody>\n<\/table>\n<\/div>\nBelle r\u00e9colte de truffe noire d&rsquo;hiver (Tuber Melanosporum) en ce mois de janvier .<br \/>\nIl faut savoir qu&rsquo;il existe une quarantaine de truffes r\u00e9pertori\u00e9es , et contrairement \u00e0 ce que l&rsquo;on pourrait penser, elles ne poussent \u00a0pas toutes \u00e0 la m\u00eame saison. Il est donc possible de partir \u00e0 la d\u00e9couverte de la truffe dite \u00ab\u00a0d&rsquo;\u00e9t\u00e9\u00a0\u00bb\u00a0lorsque les temp\u00e9ratures s&rsquo;adoucissent.<\/p>\n<h4><span style=\"text-decoration: underline;\"><span style=\"color: #ff9900; text-decoration: underline;\">Infos pratiques<\/span><\/span><\/h4>\n<p><strong>Saison:<\/strong> Toute l&rsquo;ann\u00e9e<br \/>\n<strong>Dur\u00e9e<\/strong> : 1h30<br \/>\n<strong>Lieu<\/strong>: Gordes et alentours<br \/>\n<strong>Niveau<\/strong>: Accessible \u00e0 tous, pr\u00e9voir des chaussures ferm\u00e9es de type baskets<br \/>\n<strong>Tarifs:<\/strong> Environ 10 euros par personne (en\u00a0groupe)<br \/>\n<strong>Contact:<\/strong> Robert Florent , Tel:\u00a004 90 72 11 60<\/p>\n<h4><span style=\"text-decoration: underline; color: #ff9900;\">\u00c0 d\u00e9couvrir:<\/span><\/h4>\n<ul>\n<li>La <span style=\"text-decoration: underline;\"><strong><span style=\"color: #000000;\"><a style=\"color: #000000; text-decoration: underline;\" href=\"http:\/\/www.vin-truffe-luberon.com\" target=\"_blank\">Maison de la Truffe et du Vin<\/a><\/span><\/strong><\/span> \u00e0 M\u00e9nerbes\u00a0&#8211; Vente de truffes fra\u00eeches et en conserves -Bar \u00e0 Vins &amp; Restaurant (sp\u00e9cialit\u00e9s \u00e0 la truffe)<\/li>\n<\/ul>\n<h4><span style=\"text-decoration: underline;\"><span style=\"color: #ff9900; text-decoration: underline;\">\u00c0 lire:<\/span><\/span><\/h4>\n<ul>\n<li><a title=\"La truffe, \u00ab\u00a0diamant noir\u00a0\u00bb de la Provence\" href=\"http:\/\/luberongite.fr\/provence\/infos\/la-truffe-diamant-noir-de-la-provence\/\" target=\"_blank\"><span style=\"text-decoration: underline; color: #000000;\"><strong>La truffe, \u00ab diamant noir \u00bb de la Provence<\/strong><\/span><\/a><\/li>\n<li><strong>L&rsquo;avenir de la truffe face au r\u00e9chauffement climatique &#8211;<\/strong> Editions<strong>\u00a0<\/strong>Albin Michel<br \/>\nOuvrage collectif dirig\u00e9 par Yves Rousset-Rouard, ancien maire de M\u00e9nerbes et ancien d\u00e9put\u00e9 du Vaucluse. Passionn\u00e9 par la trufficulture, il a cr\u00e9e dans son village une truffi\u00e8re municipale ainsi que la Maison de la truffe et du vin du Luberon.<\/li>\n<\/ul>\n<h4><span style=\"text-decoration: underline;\"><span style=\"color: #ff9900; text-decoration: underline;\">\u00c0 d\u00e9guster:<\/span><\/span><\/h4>\n<ul>\n<li><span style=\"text-decoration: underline;\"><span style=\"color: #000000;\"><strong><a style=\"color: #000000; text-decoration: underline;\" href=\"http:\/\/luberongite.fr\/provence\/autour-de-la-truffe\/\">Brouillade aux truffes (la recette)<\/a><\/strong><\/span><\/span><\/li>\n<\/ul>\n","protected":false},"excerpt":{"rendered":"<p>Que vous soyez de passage ou de la r\u00e9gion, nous vous proposons une sortie originale et passionnante \u00e0 la d\u00e9couverte de la truffe proven\u00e7ale dans son milieu naturel. Monsieur Robert Florent, trufficulteur \u00e0 Gordes, vous emm\u00e8nera \u00e0 la d\u00e9couverte de sa passion et partagera avec vous son savoir-faire h\u00e9rit\u00e9 de &#8230;<\/p>\n","protected":false},"author":2,"featured_media":1455,"parent":0,"menu_order":0,"comment_status":"closed","ping_status":"closed","template":"","meta":{"jetpack_post_was_ever_published":false,"footnotes":""},"class_list":["post-1425","page","type-page","status-publish","has-post-thumbnail","hentry","column","threecol","has-thumbnail"],"jetpack_sharing_enabled":false,"jetpack_shortlink":"https:\/\/wp.me\/P4ubkp-mZ","jetpack_likes_enabled":true,"_links":{"self":[{"href":"https:\/\/luberongite.fr\/provence\/wp-json\/wp\/v2\/pages\/1425","targetHints":{"allow":["GET"]}}],"collection":[{"href":"https:\/\/luberongite.fr\/provence\/wp-json\/wp\/v2\/pages"}],"about":[{"href":"https:\/\/luberongite.fr\/provence\/wp-json\/wp\/v2\/types\/page"}],"author":[{"embeddable":true,"href":"https:\/\/luberongite.fr\/provence\/wp-json\/wp\/v2\/users\/2"}],"replies":[{"embeddable":true,"href":"https:\/\/luberongite.fr\/provence\/wp-json\/wp\/v2\/comments?post=1425"}],"version-history":[{"count":0,"href":"https:\/\/luberongite.fr\/provence\/wp-json\/wp\/v2\/pages\/1425\/revisions"}],"wp:featuredmedia":[{"embeddable":true,"href":"https:\/\/luberongite.fr\/provence\/wp-json\/wp\/v2\/media\/1455"}],"wp:attachment":[{"href":"https:\/\/luberongite.fr\/provence\/wp-json\/wp\/v2\/media?parent=1425"}],"curies":[{"name":"wp","href":"https:\/\/api.w.org\/{rel}","templated":true}]}}