{"id":1346,"date":"2015-01-03T20:26:35","date_gmt":"2015-01-03T19:26:35","guid":{"rendered":"http:\/\/luberongite.fr\/provence\/?page_id=1346"},"modified":"2016-03-24T14:44:04","modified_gmt":"2016-03-24T13:44:04","slug":"routes-de-la-lavande","status":"publish","type":"page","link":"https:\/\/luberongite.fr\/provence\/routes-de-la-lavande\/","title":{"rendered":"Routes de la lavande"},"content":{"rendered":"<p style=\"text-align: justify;\">Nous vous conseillons\u00a02 circuits\u00a0de la lavande entre villages\u00a0de caract\u00e8re et montagnes embl\u00e9matiques.<\/p>\n<div class=\"su-tabs su-tabs-style-default su-tabs-mobile-stack\" data-active=\"1\" data-scroll-offset=\"0\" data-anchor-in-url=\"no\"><div class=\"su-tabs-nav\"><span class=\"\" data-url=\"\" data-target=\"blank\" tabindex=\"0\" role=\"button\">Circuit 1<\/span><span class=\"\" data-url=\"\" data-target=\"blank\" tabindex=\"0\" role=\"button\">Circuit 2<\/span><\/div><div class=\"su-tabs-panes\"><div class=\"su-tabs-pane su-u-clearfix su-u-trim\" data-title=\"Circuit 1\">\n<h4>Entre Ventoux et Luberon<\/h4>\n<p><img loading=\"lazy\" decoding=\"async\" class=\"alignright wp-image-1348 size-full\" src=\"http:\/\/luberongite.fr\/provence\/wp-content\/uploads\/2015\/01\/carte-ventoux-luberon.jpg\" alt=\"\" width=\"419\" height=\"440\" srcset=\"https:\/\/luberongite.fr\/provence\/wp-content\/uploads\/2015\/01\/carte-ventoux-luberon.jpg 419w, https:\/\/luberongite.fr\/provence\/wp-content\/uploads\/2015\/01\/carte-ventoux-luberon-285x300.jpg 285w\" sizes=\"auto, (max-width: 419px) 100vw, 419px\" \/><\/p>\n<p style=\"text-align: justify;\">Dans le Luberon, entre abbayes mystiques, villages m\u00e9di\u00e9vaux et ocres dor\u00e9es, la lavande s\u2019insinue dans une mosa\u00efque de couleurs et de senteurs.<\/p>\n<p><strong><span style=\"color: #800080;\">P\u00e9riode de floraison:<\/span><br \/>\n<\/strong>La floraison commence \u00e0 la mi-juin autour d\u2019Apt. Elle se poursuit jusqu\u2019au 15 ao\u00fbt dans le pays\u00a0de Sault.<\/p>\n<p><span style=\"color: #800080;\"><strong><span style=\"color: #800080;\">A voir:<\/span><\/strong><\/span><br \/>\n<strong>Coustellet<\/strong> &#8211;\u00a0Mus\u00e9e de la Lavande<br \/>\nHistoire de la lavande, collection\u00a0d\u2019alambics anciens<\/p>\n<p><strong>Gordes<\/strong> &#8211;\u00a0L&rsquo;abbaye Notre-Dame de S\u00e9nanque<br \/>\nChamps de lavandins cultiv\u00e9s\u00a0par les moines de l&rsquo;abbaye, production d&rsquo;essence de lavandin<\/p>\n<p><strong>Sault<\/strong> &#8211;\u00a0F\u00eate de la lavande le 15 Ao\u00fbt<br \/>\nMaison des producteurs de Sault<br \/>\nVente directe de produits locaux<\/p>\n<figure id=\"attachment_969\" aria-describedby=\"caption-attachment-969\" style=\"width: 960px\" class=\"wp-caption aligncenter\"><img loading=\"lazy\" decoding=\"async\" class=\"wp-image-969 size-full\" src=\"http:\/\/luberongite.fr\/provence\/wp-content\/uploads\/2014\/07\/Lavande-Castelette.jpg\" alt=\"Damien Boschi Photographe\" width=\"960\" height=\"230\" srcset=\"https:\/\/luberongite.fr\/provence\/wp-content\/uploads\/2014\/07\/Lavande-Castelette.jpg 960w, https:\/\/luberongite.fr\/provence\/wp-content\/uploads\/2014\/07\/Lavande-Castelette-300x71.jpg 300w\" sizes=\"auto, (max-width: 960px) 100vw, 960px\" \/><figcaption id=\"caption-attachment-969\" class=\"wp-caption-text\">Pays de Sault &#8211; Mosa\u00efque de lavandes et c\u00e9r\u00e9ales &#8211; D\u00e9but juillet<\/figcaption><\/figure>\n<p>&nbsp;<\/p>\n<\/div>\n<div class=\"su-tabs-pane su-u-clearfix su-u-trim\" data-title=\"Circuit 2\">\n<h4>Le Plateau de Valensole<\/h4>\n<h4><img loading=\"lazy\" decoding=\"async\" class=\"alignright size-full wp-image-1347\" src=\"http:\/\/luberongite.fr\/provence\/wp-content\/uploads\/2015\/01\/carte-haute-provence-verdon.valensole.jpg\" alt=\"carte-haute-provence-verdon.valensole\" width=\"379\" height=\"470\" srcset=\"https:\/\/luberongite.fr\/provence\/wp-content\/uploads\/2015\/01\/carte-haute-provence-verdon.valensole.jpg 379w, https:\/\/luberongite.fr\/provence\/wp-content\/uploads\/2015\/01\/carte-haute-provence-verdon.valensole-241x300.jpg 241w\" sizes=\"auto, (max-width: 379px) 100vw, 379px\" \/><\/h4>\n<p style=\"text-align: justify;\">Sur ce vaste plateau, entre les vall\u00e9es du Verdon, de la Bl\u00e9one et de la Durance, les champs de lavandins prennent au pic de la floraison des allures de vastes mers violettes.<\/p>\n<p style=\"text-align: justify;\"><strong><span style=\"color: #800080;\">P\u00e9riode de floraison:<\/span><\/strong><br \/>\nLa floraison commence\u00a0\u00e0 la mi-juin autour de Valensole. Elle se\u00a0poursuit jusqu\u2019\u00e0 la mi-ao\u00fbt dans le pays Dignois ou de Haut-Verdon.<\/p>\n<p><strong><span style=\"color: #800080;\">A voir:<\/span><br \/>\nValensole<\/strong><br \/>\nF\u00eate de la lavande le\u00a03\u00e8me dimanche de juillet<strong><br \/>\n<\/strong><\/p>\n<p><strong>Digne-les-Bains<\/strong><br \/>\nCorso de la lavande du\u00a031 juillet au 4 ao\u00fbt 2015<br \/>\nFoire de la lavande (fin ao\u00fbt)<br \/>\nJardin des Cordeliers ,\u00a0Jardin sensoriel et exp\u00e9rimental\u00a0avec 600 esp\u00e8ces de plantes.<\/p>\n<p><img loading=\"lazy\" decoding=\"async\" class=\"aligncenter wp-image-1378 size-full\" src=\"http:\/\/luberongite.fr\/provence\/wp-content\/uploads\/2015\/01\/Lavande.jpg\" alt=\"Damien Boschi Photographe\" width=\"960\" height=\"230\" srcset=\"https:\/\/luberongite.fr\/provence\/wp-content\/uploads\/2015\/01\/Lavande.jpg 960w, https:\/\/luberongite.fr\/provence\/wp-content\/uploads\/2015\/01\/Lavande-300x71.jpg 300w, https:\/\/luberongite.fr\/provence\/wp-content\/uploads\/2015\/01\/Lavande-700x167.jpg 700w\" sizes=\"auto, (max-width: 960px) 100vw, 960px\" \/><\/p>\n<\/div><\/div><\/div>\n<h4><span style=\"text-decoration: underline;\"><span style=\"color: #ff9900; text-decoration: underline;\">Article relatif:<\/span><\/span><\/h4>\n\n\n<div class=\"su-posts su-posts-default-loop \">\n\n\t\n\t\t\t\t\t\n\t\t\t\n\t\t\t<div id=\"su-post-2038\" class=\"su-post \">\n\n\t\t\t\t\t\t\t\t\t<a class=\"su-post-thumbnail\" href=\"https:\/\/luberongite.fr\/provence\/infos\/quand-venir-en-provence-pour-voir-les-champs-de-lavande\/\"><img loading=\"lazy\" decoding=\"async\" width=\"1024\" height=\"245\" src=\"https:\/\/luberongite.fr\/provence\/wp-content\/uploads\/2015\/05\/DamienBoschi-photographe-nature-lavandes-provence-5D3_2537-HD.jpg\" class=\"attachment-post-thumbnail size-post-thumbnail wp-post-image\" alt=\"\" srcset=\"https:\/\/luberongite.fr\/provence\/wp-content\/uploads\/2015\/05\/DamienBoschi-photographe-nature-lavandes-provence-5D3_2537-HD.jpg 1024w, https:\/\/luberongite.fr\/provence\/wp-content\/uploads\/2015\/05\/DamienBoschi-photographe-nature-lavandes-provence-5D3_2537-HD-300x72.jpg 300w, https:\/\/luberongite.fr\/provence\/wp-content\/uploads\/2015\/05\/DamienBoschi-photographe-nature-lavandes-provence-5D3_2537-HD-700x168.jpg 700w\" sizes=\"auto, (max-width: 1024px) 100vw, 1024px\" \/><\/a>\n\t\t\t\t\n\t\t\t\t<h2 class=\"su-post-title\"><a href=\"https:\/\/luberongite.fr\/provence\/infos\/quand-venir-en-provence-pour-voir-les-champs-de-lavande\/\">Quand venir en Provence pour voir les champs de lavande ?<\/a><\/h2>\n\n\t\t\t\t<div class=\"su-post-meta\">\n\t\t\t\t\tPubli\u00e9: 27 mai 2015\t\t\t\t<\/div>\n\n\t\t\t\t<div class=\"su-post-excerpt\">\n\t\t\t\t\t<p>P\u00e9riode de floraison de la lavande et du lavandin en Provence<\/p>\n\t\t\t\t<\/div>\n\n\t\t\t\t\n\t\t\t<\/div>\n\n\t\t\n\t\n<\/div>\n\n","protected":false},"excerpt":{"rendered":"<p>Nous vous conseillons\u00a02 circuits\u00a0de la lavande entre villages\u00a0de caract\u00e8re et montagnes embl\u00e9matiques. Article relatif:<\/p>\n","protected":false},"author":2,"featured_media":0,"parent":0,"menu_order":0,"comment_status":"closed","ping_status":"closed","template":"","meta":{"jetpack_post_was_ever_published":false,"footnotes":""},"class_list":["post-1346","page","type-page","status-publish","hentry","column","threecol","has-thumbnail"],"jetpack_sharing_enabled":false,"jetpack_shortlink":"https:\/\/wp.me\/P4ubkp-lI","jetpack_likes_enabled":true,"_links":{"self":[{"href":"https:\/\/luberongite.fr\/provence\/wp-json\/wp\/v2\/pages\/1346","targetHints":{"allow":["GET"]}}],"collection":[{"href":"https:\/\/luberongite.fr\/provence\/wp-json\/wp\/v2\/pages"}],"about":[{"href":"https:\/\/luberongite.fr\/provence\/wp-json\/wp\/v2\/types\/page"}],"author":[{"embeddable":true,"href":"https:\/\/luberongite.fr\/provence\/wp-json\/wp\/v2\/users\/2"}],"replies":[{"embeddable":true,"href":"https:\/\/luberongite.fr\/provence\/wp-json\/wp\/v2\/comments?post=1346"}],"version-history":[{"count":0,"href":"https:\/\/luberongite.fr\/provence\/wp-json\/wp\/v2\/pages\/1346\/revisions"}],"wp:attachment":[{"href":"https:\/\/luberongite.fr\/provence\/wp-json\/wp\/v2\/media?parent=1346"}],"curies":[{"name":"wp","href":"https:\/\/api.w.org\/{rel}","templated":true}]}}