{"id":361,"date":"2014-04-21T19:30:30","date_gmt":"2014-04-21T17:30:30","guid":{"rendered":"http:\/\/luberongite.fr\/provence\/?page_id=361"},"modified":"2015-05-27T15:40:56","modified_gmt":"2015-05-27T13:40:56","slug":"sentiers-autour-du-luberon","status":"publish","type":"page","link":"http:\/\/luberongite.fr\/provence\/sentiers-autour-du-luberon\/","title":{"rendered":"Sentiers de d\u00e9couverte autour du Luberon"},"content":{"rendered":"<div id=\"su_carousel_69d61a2259acd\" class=\"su-carousel su-carousel-centered su-carousel-pages-no su-carousel-responsive-yes\" style=\"width:100%\" data-autoplay=\"0\" data-speed=\"600\" data-mousewheel=\"true\" data-items=\"4\" data-scroll=\"1\"><div class=\"su-carousel-slides\"><div class=\"su-carousel-slide\"><a><img decoding=\"async\" src=\"http:\/\/luberongite.fr\/provence\/wp-content\/uploads\/2014\/04\/saint-saturnin-les-apt-277x300.jpg\" alt=\"Saint-Saturnin\" \/><span class=\"su-carousel-slide-title\">Saint-Saturnin<\/span><\/a><\/div><div class=\"su-carousel-slide\"><a><img decoding=\"async\" src=\"http:\/\/luberongite.fr\/provence\/wp-content\/uploads\/2014\/04\/Rustrel-277x300.jpg\" alt=\"Rustrel\" \/><span class=\"su-carousel-slide-title\">Rustrel<\/span><\/a><\/div><div class=\"su-carousel-slide\"><a><img decoding=\"async\" src=\"http:\/\/luberongite.fr\/provence\/wp-content\/uploads\/2014\/04\/oppedes-terraces-stcecile-277x300.jpg\" alt=\"Opp\u00e8de terrasses St. Cecile\" \/><span class=\"su-carousel-slide-title\">Opp\u00e8de terrasses St. Cecile<\/span><\/a><\/div><div class=\"su-carousel-slide\"><a><img decoding=\"async\" src=\"http:\/\/luberongite.fr\/provence\/wp-content\/uploads\/2014\/04\/oppedes-sentier-vignes-277x300.jpg\" alt=\"Opp\u00e8de-Sentier des vignes\" \/><span class=\"su-carousel-slide-title\">Opp\u00e8de-Sentier des vignes<\/span><\/a><\/div><div class=\"su-carousel-slide\"><a><img decoding=\"async\" src=\"http:\/\/luberongite.fr\/provence\/wp-content\/uploads\/2014\/04\/merindol-observatoire-277x300.jpg\" alt=\"Merindol-observatoire\" \/><span class=\"su-carousel-slide-title\">Merindol-observatoire<\/span><\/a><\/div><div class=\"su-carousel-slide\"><a><img decoding=\"async\" src=\"http:\/\/luberongite.fr\/provence\/wp-content\/uploads\/2014\/04\/goult-terrasses-277x300.jpg\" alt=\"goult-terrasses\" \/><span class=\"su-carousel-slide-title\">goult-terrasses<\/span><\/a><\/div><div class=\"su-carousel-slide\"><a><img decoding=\"async\" src=\"http:\/\/luberongite.fr\/provence\/wp-content\/uploads\/2014\/04\/gorges-dOppedette-277x300.jpg\" alt=\"Oppedette- Les gorges\" \/><span class=\"su-carousel-slide-title\">Oppedette- Les gorges<\/span><\/a><\/div><div class=\"su-carousel-slide\"><a><img decoding=\"async\" src=\"http:\/\/luberongite.fr\/provence\/wp-content\/uploads\/2014\/04\/gordes-veroncle-277x300.jpg\" alt=\"Gordes-gorges-de-veroncle\" \/><span class=\"su-carousel-slide-title\">Gordes-gorges-de-veroncle<\/span><\/a><\/div><div class=\"su-carousel-slide\"><a><img decoding=\"async\" src=\"http:\/\/luberongite.fr\/provence\/wp-content\/uploads\/2014\/04\/gargas-carrieres-277x300.jpg\" alt=\"Gargas-Carri\u00e8res d&rsquo;ocres\" \/><span class=\"su-carousel-slide-title\">Gargas-Carri\u00e8res d&rsquo;ocres<\/span><\/a><\/div><div class=\"su-carousel-slide\"><a><img decoding=\"async\" src=\"http:\/\/luberongite.fr\/provence\/wp-content\/uploads\/2014\/04\/chevalblanc-troudurat-277x300.jpg\" alt=\"Cheval Blanc-Sentier du trou du rat\" \/><span class=\"su-carousel-slide-title\">Cheval Blanc-Sentier du trou du rat<\/span><\/a><\/div><div class=\"su-carousel-slide\"><a><img decoding=\"async\" src=\"http:\/\/luberongite.fr\/provence\/wp-content\/uploads\/2014\/04\/Bonnieux-Foret-des-Cedres-277x300.jpg\" alt=\"Bonnieux-Foret-des-Cedres\" \/><span class=\"su-carousel-slide-title\">Bonnieux-Foret-des-Cedres<\/span><\/a><\/div><div class=\"su-carousel-slide\"><a><img decoding=\"async\" src=\"http:\/\/luberongite.fr\/provence\/wp-content\/uploads\/2014\/04\/20130603_181039-1-277x300.jpg\" alt=\"Roussillon- Sentier des Ocres\" \/><span class=\"su-carousel-slide-title\">Roussillon- Sentier des Ocres<\/span><\/a><\/div><div class=\"su-carousel-slide\"><a><img decoding=\"async\" src=\"http:\/\/luberongite.fr\/provence\/wp-content\/uploads\/2014\/03\/vieux-village-les-taillades-277x300.jpg\" alt=\"Les taillades- Vieux village\" \/><span class=\"su-carousel-slide-title\">Les taillades- Vieux village<\/span><\/a><\/div><div class=\"su-carousel-slide\"><a><img decoding=\"async\" src=\"http:\/\/luberongite.fr\/provence\/wp-content\/uploads\/2014\/04\/sentier-botanique-robion-277x300.jpg\" alt=\"Robion- Sentier botanique\" \/><span class=\"su-carousel-slide-title\">Robion- Sentier botanique<\/span><\/a><\/div><\/div><div class=\"su-carousel-nav\"><div class=\"su-carousel-direction\"><span class=\"su-carousel-prev\"><\/span><span class=\"su-carousel-next\"><\/span><\/div><div class=\"su-carousel-pagination\"><\/div><\/div><\/div>\n<div class=\"su-spoiler su-spoiler-style-fancy su-spoiler-icon-caret\" data-scroll-offset=\"0\" data-anchor-in-url=\"no\"><div class=\"su-spoiler-title\" tabindex=\"0\" role=\"button\"><span class=\"su-spoiler-icon\"><\/span>Robion \u2013 sentier botanique<\/div><div class=\"su-spoiler-content su-u-clearfix su-u-trim\">\n<p><img loading=\"lazy\" decoding=\"async\" class=\"alignleft size-thumbnail wp-image-376\" src=\"http:\/\/luberongite.fr\/provence\/wp-content\/uploads\/2014\/04\/sentier-botanique-robion-150x150.jpg\" alt=\"sentier-botanique-robion\" width=\"150\" height=\"150\" \/>Boucle qui traverse des milieux riches et vari\u00e9s (sous-bois, terrasses de culture, verger villageois&#8230;) d\u00e9couverte de la chapelle \u00ab Notre-Dame des Anges \u00bb<br \/>\nDur\u00e9e : 1h30<br \/>\nD\u00e9nivel\u00e9 : +30m<\/div><\/div>\n<div class=\"su-spoiler su-spoiler-style-fancy su-spoiler-icon-caret su-spoiler-closed\" data-scroll-offset=\"0\" data-anchor-in-url=\"no\"><div class=\"su-spoiler-title\" tabindex=\"0\" role=\"button\"><span class=\"su-spoiler-icon\"><\/span>Opp\u00e8de-le-vieux \u2013 sentier viticole<\/div><div class=\"su-spoiler-content su-u-clearfix su-u-trim\">\n<p><img loading=\"lazy\" decoding=\"async\" class=\"alignleft wp-image-391 size-thumbnail\" src=\"http:\/\/luberongite.fr\/provence\/wp-content\/uploads\/2014\/04\/oppedes-sentier-vignes-150x150.jpg\" alt=\"\" width=\"150\" height=\"150\" srcset=\"http:\/\/luberongite.fr\/provence\/wp-content\/uploads\/2014\/04\/oppedes-sentier-vignes-150x150.jpg 150w, http:\/\/luberongite.fr\/provence\/wp-content\/uploads\/2014\/04\/oppedes-sentier-vignes-300x300.jpg 300w, http:\/\/luberongite.fr\/provence\/wp-content\/uploads\/2014\/04\/oppedes-sentier-vignes.jpg 622w\" sizes=\"auto, (max-width: 150px) 100vw, 150px\" \/><\/p>\n<p>Panoramas et paysages fa\u00e7onn\u00e9s par les agriculteurs, oliviers et cerisiers ponctuant l\u2019horizontalit\u00e9 de la vigne et de ses terrasses.<br \/>\nDur\u00e9e : 1h30<br \/>\nD\u00e9nivel\u00e9 : +20m<br \/>\n<\/div><\/div>\n<div class=\"su-spoiler su-spoiler-style-fancy su-spoiler-icon-caret su-spoiler-closed\" data-scroll-offset=\"0\" data-anchor-in-url=\"no\"><div class=\"su-spoiler-title\" tabindex=\"0\" role=\"button\"><span class=\"su-spoiler-icon\"><\/span>Opp\u00e8de-le-Vieux \u2013 sentier botanique des terrasses de Sainte-C\u00e9cile<\/div><div class=\"su-spoiler-content su-u-clearfix su-u-trim\">\n<p><img loading=\"lazy\" decoding=\"async\" class=\"alignleft size-thumbnail wp-image-392\" src=\"http:\/\/luberongite.fr\/provence\/wp-content\/uploads\/2014\/04\/oppedes-terraces-stcecile-150x150.jpg\" alt=\"oppedes-terraces-stcecile\" width=\"150\" height=\"150\" \/>Aux portes du vieux village, d\u00e9couverte des anciennes terrasses de culture, aujourd\u2019hui am\u00e9nag\u00e9es en jardin paysager.<br \/>\nDur\u00e9e : 0h40<br \/>\nD\u00e9nivel\u00e9 : +50m<br \/>\n<\/div><\/div>\n<div class=\"su-spoiler su-spoiler-style-fancy su-spoiler-icon-caret su-spoiler-closed\" data-scroll-offset=\"0\" data-anchor-in-url=\"no\"><div class=\"su-spoiler-title\" tabindex=\"0\" role=\"button\"><span class=\"su-spoiler-icon\"><\/span>Cheval-Blanc (sommet Trou du Rat) \u2013 sentier sur la gestion foresti\u00e8re<\/div><div class=\"su-spoiler-content su-u-clearfix su-u-trim\">\n<img loading=\"lazy\" decoding=\"async\" class=\"alignleft size-thumbnail wp-image-384\" src=\"http:\/\/luberongite.fr\/provence\/wp-content\/uploads\/2014\/04\/chevalblanc-troudurat-150x150.jpg\" alt=\"chevalblanc-troudurat\" width=\"150\" height=\"150\" \/>Les modalit\u00e9s de gestion de la for\u00eat.<br \/>\nDur\u00e9e : 1h30<br \/>\nD\u00e9nivel\u00e9 : +100m<br \/>\n<\/div><\/div>\n<div class=\"su-spoiler su-spoiler-style-fancy su-spoiler-icon-caret su-spoiler-closed\" data-scroll-offset=\"0\" data-anchor-in-url=\"no\"><div class=\"su-spoiler-title\" tabindex=\"0\" role=\"button\"><span class=\"su-spoiler-icon\"><\/span>Cheval-Blanc - arboretum de la Font de l\u2019Orme<\/div><div class=\"su-spoiler-content su-u-clearfix su-u-trim\">\nLes hautes ramures de ses arbres d&rsquo;esp\u00e8ces vari\u00e9es en font en \u00e9t\u00e9 un lieu de d\u00e9tente id\u00e9al o\u00f9 l&rsquo;on trouve fra\u00eecheur et calme forestier.<br \/>\nDur\u00e9e : 30 mn<br \/>\nD\u00e9nivel\u00e9 : +20m<br \/>\n<\/div><\/div>\n<div class=\"su-spoiler su-spoiler-style-fancy su-spoiler-icon-caret su-spoiler-closed\" data-scroll-offset=\"0\" data-anchor-in-url=\"no\"><div class=\"su-spoiler-title\" tabindex=\"0\" role=\"button\"><span class=\"su-spoiler-icon\"><\/span>Roussillon \u2013 sentier des ocres<\/div><div class=\"su-spoiler-content su-u-clearfix su-u-trim\">\n<img loading=\"lazy\" decoding=\"async\" class=\"alignleft size-thumbnail wp-image-381\" src=\"http:\/\/luberongite.fr\/provence\/wp-content\/uploads\/2014\/04\/20130603_181039-1-150x150.jpg\" alt=\"20130603_181039 (1)\" width=\"150\" height=\"150\" \/>Information sur la g\u00e9ologie, la v\u00e9g\u00e9tation, l&rsquo;exploitation des ocres.<br \/>\nDur\u00e9e : 45 mn<br \/>\nD\u00e9nivel\u00e9 : +40m<br \/>\n<\/div><\/div>\n<div class=\"su-spoiler su-spoiler-style-fancy su-spoiler-icon-caret su-spoiler-closed\" data-scroll-offset=\"0\" data-anchor-in-url=\"no\"><div class=\"su-spoiler-title\" tabindex=\"0\" role=\"button\"><span class=\"su-spoiler-icon\"><\/span>Goult \u2013 sentier des terrasses de cultures<\/div><div class=\"su-spoiler-content su-u-clearfix su-u-trim\">\nAmphith\u00e9\u00e2tre avec parcours au travers des plantations d&rsquo;oliviers, de ch\u00eanes verts et de pins, entre bories et murs en pierre s\u00e8che.<br \/>\nDur\u00e9e : 1h<br \/>\nD\u00e9nivel\u00e9 : +50m<br \/>\n<\/div><\/div>\n<div class=\"su-spoiler su-spoiler-style-fancy su-spoiler-icon-caret su-spoiler-closed\" data-scroll-offset=\"0\" data-anchor-in-url=\"no\"><div class=\"su-spoiler-title\" tabindex=\"0\" role=\"button\"><span class=\"su-spoiler-icon\"><\/span>Gordes \u2013 moulins des gorges de V\u00e9roncle<\/div><div class=\"su-spoiler-content su-u-clearfix su-u-trim\">\n<img loading=\"lazy\" decoding=\"async\" class=\"alignleft size-thumbnail wp-image-386\" src=\"http:\/\/luberongite.fr\/provence\/wp-content\/uploads\/2014\/04\/gordes-veroncle-150x150.jpg\" alt=\"Gordes-gorges-de-veroncle\" width=\"150\" height=\"150\" \/>D\u00e9couverte de V\u00e9roncle en trois lieux : le moulin Carrier, le moulin Jean de Marre et le barrage de l\u2019\u00e9tang. La ma\u00eetrise de l\u2019eau et de ses usages dans nos montagnes s\u00e8ches.<br \/>\nDur\u00e9e : de 30mn \u00e0 1h<br \/>\nD\u00e9nivel\u00e9 : de +40 \u00e0 +80m<br \/>\n<\/div><\/div>\n<div class=\"su-spoiler su-spoiler-style-fancy su-spoiler-icon-caret su-spoiler-closed\" data-scroll-offset=\"0\" data-anchor-in-url=\"no\"><div class=\"su-spoiler-title\" tabindex=\"0\" role=\"button\"><span class=\"su-spoiler-icon\"><\/span>Bonnieux \u2013 sentier de la for\u00eat des c\u00e8dres<\/div><div class=\"su-spoiler-content su-u-clearfix su-u-trim\">\n<img loading=\"lazy\" decoding=\"async\" class=\"alignleft size-thumbnail wp-image-383\" src=\"http:\/\/luberongite.fr\/provence\/wp-content\/uploads\/2014\/04\/Bonnieux-Foret-des-Cedres-150x150.jpg\" alt=\"Bonnieux-Foret-des-Cedres\" width=\"150\" height=\"150\" \/>Vaste for\u00eat de c\u00e8dres de l&rsquo;Atlas et points de vue superbes sur un paysage sauvage.<br \/>\nDur\u00e9e : 1h30<br \/>\nD\u00e9nivel\u00e9 : +100m<br \/>\n<\/div><\/div>\n<div class=\"su-spoiler su-spoiler-style-fancy su-spoiler-icon-caret su-spoiler-closed\" data-scroll-offset=\"0\" data-anchor-in-url=\"no\"><div class=\"su-spoiler-title\" tabindex=\"0\" role=\"button\"><span class=\"su-spoiler-icon\"><\/span>M\u00e9rindol \u2013 observatoire ornithologique<\/div><div class=\"su-spoiler-content su-u-clearfix su-u-trim\">\n<p><img loading=\"lazy\" decoding=\"async\" class=\"alignleft size-thumbnail wp-image-390\" src=\"http:\/\/luberongite.fr\/provence\/wp-content\/uploads\/2014\/04\/merindol-observatoire-150x150.jpg\" alt=\"Merindol-observatoire\" width=\"150\" height=\"150\" \/>Itin\u00e9raire de d\u00e9couverte des milieux humides des bords de Durance, et observation privil\u00e9gi\u00e9e depuis l\u2019observatoire de l\u2019avifaune, des oiseaux nicheurs et des oiseaux migrateurs.<br \/>\nLioux \u2013 arboretum de la for\u00eat de Saint-Lambert<br \/>\nEssais exp\u00e9rimentaux de diff\u00e9rentes essences foresti\u00e8res du monde entier.<br \/>\nDur\u00e9e : 30 mn<br \/>\nD\u00e9nivel\u00e9 : +20m<\/p>\n<hr \/>\n<h5>Article relatif:<\/h5>\n\n\n<div class=\"su-posts su-posts-default-loop \">\n\n\t\n\t\t\t\t\t\n\t\t\t\n\t\t\t<div id=\"su-post-1984\" class=\"su-post \">\n\n\t\t\t\t\t\t\t\t\t<a class=\"su-post-thumbnail\" href=\"http:\/\/luberongite.fr\/provence\/activites\/les-oiseaux-migrateurs-du-luberon-observatoire-ornithologique-de-merindol\/\"><img loading=\"lazy\" decoding=\"async\" width=\"1024\" height=\"683\" src=\"http:\/\/luberongite.fr\/provence\/wp-content\/uploads\/2015\/05\/damienboschi-photographe-nature-luberon-9187.jpg\" class=\"attachment-post-thumbnail size-post-thumbnail wp-post-image\" alt=\"\" srcset=\"http:\/\/luberongite.fr\/provence\/wp-content\/uploads\/2015\/05\/damienboschi-photographe-nature-luberon-9187.jpg 1024w, http:\/\/luberongite.fr\/provence\/wp-content\/uploads\/2015\/05\/damienboschi-photographe-nature-luberon-9187-300x200.jpg 300w, http:\/\/luberongite.fr\/provence\/wp-content\/uploads\/2015\/05\/damienboschi-photographe-nature-luberon-9187-700x467.jpg 700w\" sizes=\"auto, (max-width: 1024px) 100vw, 1024px\" \/><\/a>\n\t\t\t\t\n\t\t\t\t<h2 class=\"su-post-title\"><a href=\"http:\/\/luberongite.fr\/provence\/activites\/les-oiseaux-migrateurs-du-luberon-observatoire-ornithologique-de-merindol\/\">Les oiseaux migrateurs du Luberon &#8211; Observatoire ornithologique de M\u00e9rindol<\/a><\/h2>\n\n\t\t\t\t<div class=\"su-post-meta\">\n\t\t\t\t\tPubli\u00e9: 19 mai 2015\t\t\t\t<\/div>\n\n\t\t\t\t<div class=\"su-post-excerpt\">\n\t\t\t\t\t<p>Le d\u00e9partement du Vaucluse est le point de rencontre des faunes m\u00e9diterran\u00e9ennes et m\u00e9dio-europ\u00e9enne (nord de l&rsquo;Europe). C&rsquo;est une r\u00e9gion privil\u00e9gi\u00e9e par son climat hivernal doux, la diversit\u00e9 de ses milieux et les ressources alimentaires pr\u00e9sentes toute l&rsquo;ann\u00e9e. Le Rh\u00f4ne et la Durance sont des voies migratoires naturelles tr\u00e8s emprunt\u00e9es. &#8230;<\/p>\n\t\t\t\t<\/div>\n\n\t\t\t\t\n\t\t\t<\/div>\n\n\t\t\n\t\n<\/div>\n\n<\/div><\/div>\n<div class=\"su-spoiler su-spoiler-style-fancy su-spoiler-icon-caret su-spoiler-closed\" data-scroll-offset=\"0\" data-anchor-in-url=\"no\"><div class=\"su-spoiler-title\" tabindex=\"0\" role=\"button\"><span class=\"su-spoiler-icon\"><\/span>Gargas \u2013 sentier de la colline de Perr\u00e9al<\/div><div class=\"su-spoiler-content su-u-clearfix su-u-trim\">\n<img loading=\"lazy\" decoding=\"async\" class=\"alignleft size-thumbnail wp-image-385\" src=\"http:\/\/luberongite.fr\/provence\/wp-content\/uploads\/2014\/04\/gargas-carrieres-150x150.jpg\" alt=\"gargas-carrieres\" width=\"150\" height=\"150\" \/>T\u00e9moignage de l&rsquo;exploitation et de l\u2019occupation ancienne par l&rsquo;homme de la colline de Perr\u00e9al.<br \/>\nDur\u00e9e : 1h30<br \/>\nD\u00e9nivel\u00e9 : +120m<br \/>\n<\/div><\/div>\n<div class=\"su-spoiler su-spoiler-style-fancy su-spoiler-icon-caret su-spoiler-closed\" data-scroll-offset=\"0\" data-anchor-in-url=\"no\"><div class=\"su-spoiler-title\" tabindex=\"0\" role=\"button\"><span class=\"su-spoiler-icon\"><\/span>Saint-Saturnin-l\u00e8s-Apt \u2013 sentier des aiguiers<\/div><div class=\"su-spoiler-content su-u-clearfix su-u-trim\">\nV\u00e9ritable randonn\u00e9e \u00e0 la d\u00e9couverte d\u2019un \u00e9chantillon d\u2019aiguiers, r\u00e9servoirs creus\u00e9s dans le rocher afin de recueillir l\u2019eau de pluie.<br \/>\nDur\u00e9e : 4h<br \/>\nD\u00e9nivel\u00e9 : +430m<br \/>\n<\/div><\/div>\n<div class=\"su-spoiler su-spoiler-style-fancy su-spoiler-icon-caret su-spoiler-closed\" data-scroll-offset=\"0\" data-anchor-in-url=\"no\"><div class=\"su-spoiler-title\" tabindex=\"0\" role=\"button\"><span class=\"su-spoiler-icon\"><\/span>Saint-Saturnin-l\u00e8s-Apt \u2013 sentier de la Garrussi\u00e8re (botanique)<\/div><div class=\"su-spoiler-content su-u-clearfix su-u-trim\">\n<a href=\"http:\/\/luberongite.fr\/provence\/wp-content\/uploads\/2014\/04\/saint-saturnin-les-apt.jpg\"><img loading=\"lazy\" decoding=\"async\" class=\"alignleft size-thumbnail wp-image-394\" src=\"http:\/\/luberongite.fr\/provence\/wp-content\/uploads\/2014\/04\/saint-saturnin-les-apt-150x150.jpg\" alt=\"saint-saturnin\" width=\"150\" height=\"150\" \/><\/a>Une promenade de 1,5km dans la garrigue, facile d\u2019acc\u00e8s, au d\u00e9part du hameau des Cordiers, pour d\u00e9couvrir une centaine de plantes communes (bornes num\u00e9rot\u00e9s) r\u00e9f\u00e9renc\u00e9es dans un guide en vente au point info de Saint-Saturnin-l\u00e8s-Apt ou \u00e0 la Maison du Parc.<br \/>\nDur\u00e9e : 1h<br \/>\nD\u00e9nivel\u00e9 : +20m<br \/>\n<\/div><\/div>\n<div class=\"su-spoiler su-spoiler-style-fancy su-spoiler-icon-caret su-spoiler-closed\" data-scroll-offset=\"0\" data-anchor-in-url=\"no\"><div class=\"su-spoiler-title\" tabindex=\"0\" role=\"button\"><span class=\"su-spoiler-icon\"><\/span>Oppedette \u2013 belv\u00e9d\u00e8res des gorges d\u2019Oppedette (label Tourisme et Handicap)<\/div><div class=\"su-spoiler-content su-u-clearfix su-u-trim\">\n<img loading=\"lazy\" decoding=\"async\" class=\"alignleft size-thumbnail wp-image-387\" src=\"http:\/\/luberongite.fr\/provence\/wp-content\/uploads\/2014\/04\/gorges-dOppedette-150x150.jpg\" alt=\"gorges-dOppedette\" width=\"150\" height=\"150\" \/>Vue imprenable sur les gorges et signal\u00e9tique interpr\u00e9tative sur l\u2019historique des gorges, la faune et la flore rupestres de cet espace naturel sensible.<br \/>\nDur\u00e9e : 0h30<br \/>\nD\u00e9nivel\u00e9 : +2m<br \/>\n<\/div><\/div>\n<div class=\"su-spoiler su-spoiler-style-fancy su-spoiler-icon-caret su-spoiler-closed\" data-scroll-offset=\"0\" data-anchor-in-url=\"no\"><div class=\"su-spoiler-title\" tabindex=\"0\" role=\"button\"><span class=\"su-spoiler-icon\"><\/span>Cucuron \u2013 sentier viticole<\/div><div class=\"su-spoiler-content su-u-clearfix su-u-trim\">\n<img loading=\"lazy\" decoding=\"async\" class=\"alignleft size-thumbnail wp-image-391\" src=\"http:\/\/luberongite.fr\/provence\/wp-content\/uploads\/2014\/04\/oppedes-sentier-vignes-150x150.jpg\" alt=\"oppedes-sentier-vignes\" width=\"150\" height=\"150\" srcset=\"http:\/\/luberongite.fr\/provence\/wp-content\/uploads\/2014\/04\/oppedes-sentier-vignes-150x150.jpg 150w, http:\/\/luberongite.fr\/provence\/wp-content\/uploads\/2014\/04\/oppedes-sentier-vignes-300x300.jpg 300w, http:\/\/luberongite.fr\/provence\/wp-content\/uploads\/2014\/04\/oppedes-sentier-vignes.jpg 622w\" sizes=\"auto, (max-width: 150px) 100vw, 150px\" \/>Quand la Vigne et l&rsquo;Histoire se rencontrent\u2026Sur cette terre abrit\u00e9e par la montagne du Luberon, voil\u00e0 des si\u00e8cles que l&rsquo;homme cultive la vigne et l&rsquo;olivier.<br \/>\nDur\u00e9e : 1h30 pour la boucle ouest, 1h15 pour la boucle est<br \/>\nD\u00e9nivel\u00e9 : de +30 \u00e0 +60m<br \/>\n<\/div><\/div>\n<div class=\"su-spoiler su-spoiler-style-fancy su-spoiler-icon-caret su-spoiler-closed\" data-scroll-offset=\"0\" data-anchor-in-url=\"no\"><div class=\"su-spoiler-title\" tabindex=\"0\" role=\"button\"><span class=\"su-spoiler-icon\"><\/span>Cabri\u00e8res-d\u2019Aigues \u2013 sentier g\u00e9ologique<\/div><div class=\"su-spoiler-content su-u-clearfix su-u-trim\">\nUne grande boucle sur les contreforts du Grand Luberon, pour d\u00e9couvrir les myst\u00e8res g\u00e9ologiques du Luberon et mieux comprendre l\u2019origine des paysages qui nous entourent.<br \/>\nDur\u00e9e : 3h<br \/>\nD\u00e9nivel\u00e9 : +250m<br \/>\n<\/div><\/div>\n","protected":false},"excerpt":{"rendered":"","protected":false},"author":1,"featured_media":0,"parent":0,"menu_order":0,"comment_status":"closed","ping_status":"closed","template":"","meta":{"jetpack_post_was_ever_published":false,"footnotes":""},"class_list":["post-361","page","type-page","status-publish","hentry","column","threecol","has-thumbnail"],"jetpack_sharing_enabled":true,"jetpack_shortlink":"https:\/\/wp.me\/P4ubkp-5P","jetpack_likes_enabled":true,"_links":{"self":[{"href":"http:\/\/luberongite.fr\/provence\/wp-json\/wp\/v2\/pages\/361","targetHints":{"allow":["GET"]}}],"collection":[{"href":"http:\/\/luberongite.fr\/provence\/wp-json\/wp\/v2\/pages"}],"about":[{"href":"http:\/\/luberongite.fr\/provence\/wp-json\/wp\/v2\/types\/page"}],"author":[{"embeddable":true,"href":"http:\/\/luberongite.fr\/provence\/wp-json\/wp\/v2\/users\/1"}],"replies":[{"embeddable":true,"href":"http:\/\/luberongite.fr\/provence\/wp-json\/wp\/v2\/comments?post=361"}],"version-history":[{"count":0,"href":"http:\/\/luberongite.fr\/provence\/wp-json\/wp\/v2\/pages\/361\/revisions"}],"wp:attachment":[{"href":"http:\/\/luberongite.fr\/provence\/wp-json\/wp\/v2\/media?parent=361"}],"curies":[{"name":"wp","href":"https:\/\/api.w.org\/{rel}","templated":true}]}}