{"id":260,"date":"2014-04-02T19:39:48","date_gmt":"2014-04-02T17:39:48","guid":{"rendered":"http:\/\/luberongite.fr\/provence\/?page_id=260"},"modified":"2025-01-13T18:30:39","modified_gmt":"2025-01-13T17:30:39","slug":"contacts","status":"publish","type":"page","link":"http:\/\/luberongite.fr\/provence\/contacts\/","title":{"rendered":"Contacts"},"content":{"rendered":"<p style=\"text-align: center;\">Pour toute demande de disponibilit\u00e9 ou renseignements, veuillez nous envoyer un e-mail en vous r\u00e9f\u00e9rant \u00e0 la rubrique <strong>\u00ab\u00a0LE G\u00ceTE\u00a0\u00bb<br \/>\n<\/strong><\/p>\n","protected":false},"excerpt":{"rendered":"<p>Pour toute demande de disponibilit\u00e9 ou renseignements, veuillez nous envoyer un e-mail en vous r\u00e9f\u00e9rant \u00e0 la rubrique \u00ab\u00a0LE G\u00ceTE\u00a0\u00bb<\/p>\n","protected":false},"author":1,"featured_media":0,"parent":0,"menu_order":0,"comment_status":"closed","ping_status":"closed","template":"","meta":{"jetpack_post_was_ever_published":false,"footnotes":""},"class_list":["post-260","page","type-page","status-publish","hentry","column","threecol"],"jetpack_sharing_enabled":false,"jetpack_shortlink":"https:\/\/wp.me\/P4ubkp-4c","jetpack_likes_enabled":false,"_links":{"self":[{"href":"http:\/\/luberongite.fr\/provence\/wp-json\/wp\/v2\/pages\/260","targetHints":{"allow":["GET"]}}],"collection":[{"href":"http:\/\/luberongite.fr\/provence\/wp-json\/wp\/v2\/pages"}],"about":[{"href":"http:\/\/luberongite.fr\/provence\/wp-json\/wp\/v2\/types\/page"}],"author":[{"embeddable":true,"href":"http:\/\/luberongite.fr\/provence\/wp-json\/wp\/v2\/users\/1"}],"replies":[{"embeddable":true,"href":"http:\/\/luberongite.fr\/provence\/wp-json\/wp\/v2\/comments?post=260"}],"version-history":[{"count":1,"href":"http:\/\/luberongite.fr\/provence\/wp-json\/wp\/v2\/pages\/260\/revisions"}],"predecessor-version":[{"id":3196,"href":"http:\/\/luberongite.fr\/provence\/wp-json\/wp\/v2\/pages\/260\/revisions\/3196"}],"wp:attachment":[{"href":"http:\/\/luberongite.fr\/provence\/wp-json\/wp\/v2\/media?parent=260"}],"curies":[{"name":"wp","href":"https:\/\/api.w.org\/{rel}","templated":true}]}}